{"id":10258,"date":"2023-10-07T03:25:41","date_gmt":"2023-10-07T00:25:41","guid":{"rendered":"https:\/\/medikent.com.tr\/%d0%b8%d0%bd%d1%81%d1%82%d0%b8%d1%82%d1%83%d1%86%d0%b8%d0%b8-%d1%81-%d0%ba%d0%be%d0%b8%d1%82%d0%be-%d1%81%d0%b0-%d1%81%d0%ba%d0%bb%d1%8e%d1%87%d0%b5%d0%bd%d0%b8-%d0%b4%d0%be%d0%b3%d0%be%d0%b2%d0%be\/"},"modified":"2025-10-10T15:13:51","modified_gmt":"2025-10-10T12:13:51","slug":"%d0%b8%d0%bd%d1%81%d1%82%d0%b8%d1%82%d1%83%d1%86%d0%b8%d0%b8-%d1%81-%d0%ba%d0%be%d0%b8%d1%82%d0%be-%d1%81%d0%b0-%d1%81%d0%ba%d0%bb%d1%8e%d1%87%d0%b5%d0%bd%d0%b8-%d0%b4%d0%be%d0%b3%d0%be%d0%b2%d0%be","status":"publish","type":"page","link":"https:\/\/medikent.com.tr\/bg\/%d0%b8%d0%bd%d1%81%d1%82%d0%b8%d1%82%d1%83%d1%86%d0%b8%d0%b8-%d1%81-%d0%ba%d0%be%d0%b8%d1%82%d0%be-%d1%81%d0%b0-%d1%81%d0%ba%d0%bb%d1%8e%d1%87%d0%b5%d0%bd%d0%b8-%d0%b4%d0%be%d0%b3%d0%be%d0%b2%d0%be\/","title":{"rendered":"\u0418\u043d\u0441\u0442\u0438\u0442\u0443\u0446\u0438\u0438, \u0441 \u043a\u043e\u0438\u0442\u043e \u0441\u0430 \u0441\u043a\u043b\u044e\u0447\u0435\u043d\u0438 \u0434\u043e\u0433\u043e\u0432\u043e\u0440\u0438"},"content":{"rendered":"<p><section data-bb-version=\"4.6.1\" id=\"bt_bb_section69e5743c85b5c\" class=\"bt_bb_section bt_bb_color_scheme_1 bt_bb_layout_boxed_1200 bt_bb_vertical_align_top bt_bb_top_spacing_extra_large bt_bb_bottom_spacing_large\" style=\"; --section-primary-color:#ffffff; --section-secondary-color:#1d1e21;\" data-bt-override-class=\"{&quot;bt_bb_top_spacing_&quot;:{&quot;current_class&quot;:&quot;bt_bb_top_spacing_extra_large&quot;,&quot;def&quot;:&quot;extra_large&quot;},&quot;bt_bb_bottom_spacing_&quot;:{&quot;current_class&quot;:&quot;bt_bb_bottom_spacing_large&quot;,&quot;def&quot;:&quot;large&quot;}}\"><div class=\"bt_bb_background_image_holder_wrapper\"><div class=\"bt_bb_background_image_holder btLazyLoadBackground bt_bb_parallax\"  data-background_image_src=\"https:\/\/medikent.com.tr\/wp-content\/uploads\/2024\/01\/medikent-scaled.jpg\" data-parallax=\"0.6\" data-parallax-offset=\"0\" data-parallax-zoom-start=\"1\" data-parallax-zoom-end=\"1\" data-parallax-blur-start=\"0\" data-parallax-blur-end=\"0\" data-parallax-opacity-start=\"1\" data-parallax-opacity-end=\"1\" style=\" background-image: url(&#039;https:\/\/medikent.com.tr\/wp-content\/plugins\/bold-page-builder\/img\/blank.gif&#039;);\"><\/div><\/div><div class=\"bt_bb_port\"><div class=\"bt_bb_cell\"><div class=\"bt_bb_cell_inner\"><div class=\"bt_bb_row \"  data-bt-override-class=\"{}\"><div class=\"bt_bb_row_holder\" ><div  class=\"bt_bb_column col-xxl-6 col-xl-6 col-xs-12 col-sm-6 col-md-6 col-lg-6 bt_bb_vertical_align_bottom bt_bb_align_left bt_bb_padding_normal bt_bb_animation_fade_in animate\" style=\"; --column-width:6;\" data-width=\"6\" data-bt-override-class=\"{}\"><div class=\"bt_bb_column_content\"><div class=\"bt_bb_column_content_inner\"><header data-bb-version=\"4.6.1\" class=\"bt_bb_headline bt_bb_subheadline_text_transform_default bt_bb_dash_none bt_bb_size_extralarge bt_bb_align_inherit\" data-bt-override-class=\"{&quot;bt_bb_size_&quot;:{&quot;current_class&quot;:&quot;bt_bb_size_extralarge&quot;,&quot;def&quot;:&quot;extralarge&quot;},&quot;bt_bb_align_&quot;:{&quot;current_class&quot;:&quot;bt_bb_align_inherit&quot;,&quot;def&quot;:&quot;inherit&quot;}}\"><h1 class=\"bt_bb_headline_tag\"><span class=\"bt_bb_headline_content\"><span>\u0418\u043d\u0441\u0442\u0438\u0442\u0443\u0446\u0438\u0438, \u0441 \u043a\u043e\u0438\u0442\u043e \u0441\u0430 \u0441\u043a\u043b\u044e\u0447\u0435\u043d\u0438 \u0434\u043e\u0433\u043e\u0432\u043e\u0440\u0438<\/span><\/span><\/h1><\/header><\/div><\/div><\/div><div  class=\"bt_bb_column col-xxl-6 col-xl-6 col-xs-12 col-sm-6 col-md-6 col-lg-6 bt_bb_vertical_align_top bt_bb_align_left bt_bb_padding_normal\" style=\"; --column-width:6;\" data-width=\"6\" data-bt-override-class=\"{}\"><div class=\"bt_bb_column_content\"><div class=\"bt_bb_column_content_inner\"><\/div><\/div><\/div><\/div><\/div><\/div><!-- cell_inner --><\/div><!-- cell --><\/div><!-- port --><\/section><section id=\"bt_bb_section69e5743c864c3\" class=\"bt_bb_section bt_bb_color_scheme_8 bt_bb_layout_wide bt_bb_vertical_align_top bt_bb_top_spacing_large bt_bb_bottom_spacing_medium\" style=\"; --section-primary-color:var(--alternate-color); --section-secondary-color:#ffffff;\" data-bt-override-class=\"null\"><div class=\"bt_bb_port\"><div class=\"bt_bb_cell\"><div class=\"bt_bb_cell_inner\"><div class=\"bt_bb_row \"  data-bt-override-class=\"{}\"><div class=\"bt_bb_row_holder\" ><div  class=\"bt_bb_column col-xxl-3 col-xl-3 col-xs-12 col-sm-6 col-md-6 col-lg-3 bt_bb_vertical_align_top bt_bb_align_left bt_bb_padding_normal\" style=\"; --column-width:3;\" data-width=\"3\" data-bt-override-class=\"{}\"><div class=\"bt_bb_column_content\"><div class=\"bt_bb_column_content_inner\"><\/div><\/div><\/div><div data-bb-version=\"4.6.1\"  class=\"bt_bb_column col-xxl-3 col-xl-3 col-xs-12 col-sm-6 col-md-6 col-lg-3 bt_bb_vertical_align_top bt_bb_align_left bt_bb_padding_normal bt_bb_top_border bt_bb_bottom_border bt_bb_right_border bt_bb_left_border bt_bb_border_style_accent\" style=\"; --column-width:3;\" data-width=\"3\" data-bt-override-class=\"{&quot;bt_bb_align_&quot;:{&quot;current_class&quot;:&quot;bt_bb_align_left&quot;,&quot;def&quot;:&quot;left&quot;},&quot;bt_bb_padding_&quot;:{&quot;current_class&quot;:&quot;bt_bb_padding_normal&quot;,&quot;def&quot;:&quot;normal&quot;}}\"><div class=\"bt_bb_column_content\"><div class=\"bt_bb_column_content_inner\"><div data-bb-version=\"4.6.1\" class=\"bt_bb_separator bt_bb_border_style_none bt_bb_top_spacing_normal bt_bb_bottom_spacing_none\" data-bt-override-class=\"{&quot;bt_bb_top_spacing_&quot;:{&quot;current_class&quot;:&quot;bt_bb_top_spacing_normal&quot;,&quot;def&quot;:&quot;normal&quot;},&quot;bt_bb_bottom_spacing_&quot;:{&quot;current_class&quot;:&quot;bt_bb_bottom_spacing_none&quot;,&quot;def&quot;:&quot;none&quot;}}\"><\/div><header data-bb-version=\"4.6.1\" class=\"bt_bb_headline bt_bb_subheadline_text_transform_default bt_bb_dash_none bt_bb_size_medium bt_bb_align_inherit\" data-bt-override-class=\"{&quot;bt_bb_size_&quot;:{&quot;current_class&quot;:&quot;bt_bb_size_medium&quot;,&quot;def&quot;:&quot;medium&quot;},&quot;bt_bb_align_&quot;:{&quot;current_class&quot;:&quot;bt_bb_align_inherit&quot;,&quot;def&quot;:&quot;inherit&quot;}}\"><h4 class=\"bt_bb_headline_tag\"><span class=\"bt_bb_headline_content\"><span>\u0427\u0430\u0441\u0442\u043d\u0438 \u0437\u0434\u0440\u0430\u0432\u043d\u043e\u043e\u0441\u0438\u0433\u0443\u0440\u0438\u0442\u0435\u043b\u043d\u0438 \u0434\u0440\u0443\u0436\u0435\u0441\u0442\u0432\u0430<br \/><br \/>\n<\/span><\/span><\/h4><\/header><div data-bb-version=\"4.6.1\" class=\"bt_bb_separator bt_bb_border_style_none bt_bb_top_spacing_normal bt_bb_bottom_spacing_none\" data-bt-override-class=\"{&quot;bt_bb_top_spacing_&quot;:{&quot;current_class&quot;:&quot;bt_bb_top_spacing_normal&quot;,&quot;def&quot;:&quot;normal&quot;},&quot;bt_bb_bottom_spacing_&quot;:{&quot;current_class&quot;:&quot;bt_bb_bottom_spacing_none&quot;,&quot;def&quot;:&quot;none&quot;}}\"><\/div><div data-bb-version=\"4.6.1\"  class=\"bt_bb_text\" ><\/p>\n<ul>\n<li>Anadolu Anonim T\u00fcrk Sigorta \u015eirketi A.\u015e.<\/li>\n<li>Axa Sigorta A.S.<\/li>\n<li>Bupa Ac\u0131badem Sigorta A.\u015e. (Sencard)<\/li>\n<li>\u0417\u0430\u0441\u0442\u0440\u0430\u0445\u043e\u0432\u0430\u0442\u0435\u043b\u043d\u043e \u0434\u0440\u0443\u0436\u0435\u0441\u0442\u0432\u043e \u0422\u0443\u0440\u0446\u0438\u044f.<\/li>\n<li>Mapfre Sigorta A.S.<\/li>\n<li>\u0417\u0434\u0440\u0430\u0432\u043d\u043e\u043e\u0441\u0438\u0433\u0443\u0440\u0438\u0442\u0435\u043b\u043d\u0430 \u043a\u043e\u043c\u043f\u0430\u043d\u0438\u044f \u0414\u0435\u043c\u0438\u0440.<\/li>\n<li>Sompo Sigorta A.S.<\/li>\n<li>Medisa Insurance Inc.<\/li>\n<li>Emaa Insurance Inc.<\/li>\n<li>Ray Sigorta A.S.<\/li>\n<li>Ankara Insurance Co.<\/li>\n<li>Zurich Insurance Inc.<\/li>\n<li>Hepiyi Insurance Inc.<\/li>\n<li>Kat\u0131l\u0131m Emeklilik ve Hayat A.\u015e.<\/li>\n<li>Turk Nippon Sigorta A.S.<\/li>\n<li>Magdeburger Insurance Inc.<\/li>\n<li>Doga Insurance Inc.<\/li>\n<li>Zurich Ya\u015fam ve Emeklilik A.\u015e. (\u041f\u0440\u0435\u0434\u0438\u0448\u043d\u043e \u043d\u0430\u0438\u043c\u0435\u043d\u043e\u0432\u0430\u043d\u0438\u0435 NN Hayat ve Emeklilik A.\u015e.)<\/li>\n<li>Referans Sigorta A.\u015e. (\u043f\u0440\u0435\u0434\u0438\u0448\u043d\u0430 Generali Sigorta A.\u015e.)<\/li>\n<li>Unico Sigorta A.S.<\/li>\n<li>\u0411\u044a\u0440\u0437\u043e Sigorta A.S.<\/li>\n<li>Arex Insurance Inc.<\/li>\n<li>Ana Sigorta A.S.<\/li>\n<li>Prive Insurance Inc.<\/li>\n<li>GIG Insurance Inc. (\u0417\u0434\u0440\u0430\u0432\u043d\u043e \u043e\u0441\u0438\u0433\u0443\u0440\u044f\u0432\u0430\u043d\u0435 \u0432 \u0447\u0443\u0436\u0431\u0438\u043d\u0430)<\/li>\n<\/ul>\n<p>\n<\/div><div data-bb-version=\"4.6.1\" class=\"bt_bb_separator bt_bb_border_style_none bt_bb_top_spacing_normal bt_bb_bottom_spacing_none\" data-bt-override-class=\"{&quot;bt_bb_top_spacing_&quot;:{&quot;current_class&quot;:&quot;bt_bb_top_spacing_normal&quot;,&quot;def&quot;:&quot;normal&quot;},&quot;bt_bb_bottom_spacing_&quot;:{&quot;current_class&quot;:&quot;bt_bb_bottom_spacing_none&quot;,&quot;def&quot;:&quot;none&quot;}}\"><\/div><header data-bb-version=\"5.4.7\" class=\"bt_bb_headline bt_bb_subheadline_text_transform_default bt_bb_dash_none bt_bb_size_medium bt_bb_align_inherit\" data-bt-override-class=\"{&quot;bt_bb_size_&quot;:{&quot;current_class&quot;:&quot;bt_bb_size_medium&quot;,&quot;def&quot;:&quot;medium&quot;},&quot;bt_bb_align_&quot;:{&quot;current_class&quot;:&quot;bt_bb_align_inherit&quot;,&quot;def&quot;:&quot;inherit&quot;}}\"><h4 class=\"bt_bb_headline_tag\"><span class=\"bt_bb_headline_content\"><span>\u0411\u0430\u043d\u043a\u0438 \u0438 \u0441\u0430\u043d\u0434\u044a\u0446\u0438<\/span><\/span><\/h4><\/header><div data-bb-version=\"4.6.1\" class=\"bt_bb_separator bt_bb_border_style_none bt_bb_top_spacing_normal bt_bb_bottom_spacing_none\" data-bt-override-class=\"{&quot;bt_bb_top_spacing_&quot;:{&quot;current_class&quot;:&quot;bt_bb_top_spacing_normal&quot;,&quot;def&quot;:&quot;normal&quot;},&quot;bt_bb_bottom_spacing_&quot;:{&quot;current_class&quot;:&quot;bt_bb_bottom_spacing_none&quot;,&quot;def&quot;:&quot;none&quot;}}\"><\/div><div data-bb-version=\"4.6.1\"  class=\"bt_bb_text\" ><\/p>\n<ul>\n<li>T.C. Ziraat Bank \u0438 T.Halk Bank \u0427\u043b\u0435\u043d\u043e\u0432\u0435 \u0424\u043e\u043d\u0434\u0430\u0446\u0438\u044f EMYS<\/li>\n<li>T\u00fcrkiye Halk Bankas\u0131 A.\u015e. \u0424\u043e\u043d\u0434\u0430\u0446\u0438\u044f &#8222;\u041f\u0435\u043d\u0441\u0438\u043e\u043d\u0435\u043d \u0444\u043e\u043d\u0434<\/li>\n<li>T\u00fcrkiye \u0130\u015f Bankas\u0131 A.\u015e.<\/li>\n<li>Akbank T.A.\u015e. Mensuplar\u0131 Teka\u00fct Sand\u0131\u011f\u0131 Vakf\u0131 <\/li>\n<li>\u0424\u043e\u043d\u0434 \u043d\u0430 Fortis Bank (\u0441\u043b\u0443\u0436\u0438\u0442\u0435\u043b\u0438 \u0438 \u0437\u0430\u0432\u0438\u0441\u0438\u043c\u0438 \u043b\u0438\u0446\u0430)<\/li>\n<\/ul>\n<p>\n<\/div><div data-bb-version=\"4.6.1\" class=\"bt_bb_separator bt_bb_border_style_none bt_bb_top_spacing_normal bt_bb_bottom_spacing_none\" data-bt-override-class=\"{&quot;bt_bb_top_spacing_&quot;:{&quot;current_class&quot;:&quot;bt_bb_top_spacing_normal&quot;,&quot;def&quot;:&quot;normal&quot;},&quot;bt_bb_bottom_spacing_&quot;:{&quot;current_class&quot;:&quot;bt_bb_bottom_spacing_none&quot;,&quot;def&quot;:&quot;none&quot;}}\"><\/div><header data-bb-version=\"4.6.1\" class=\"bt_bb_headline bt_bb_subheadline_text_transform_default bt_bb_dash_none bt_bb_size_medium bt_bb_align_inherit\" data-bt-override-class=\"{&quot;bt_bb_size_&quot;:{&quot;current_class&quot;:&quot;bt_bb_size_medium&quot;,&quot;def&quot;:&quot;medium&quot;},&quot;bt_bb_align_&quot;:{&quot;current_class&quot;:&quot;bt_bb_align_inherit&quot;,&quot;def&quot;:&quot;inherit&quot;}}\"><h4 class=\"bt_bb_headline_tag\"><span class=\"bt_bb_headline_content\"><span>\u041f\u0443\u0431\u043b\u0438\u0447\u043d\u0438 \u0438\u043d\u0441\u0442\u0438\u0442\u0443\u0446\u0438\u0438<\/span><\/span><\/h4><\/header><div data-bb-version=\"4.6.1\"  class=\"bt_bb_text\" ><\/p>\n<ul>\n<li>\u0418\u043d\u0441\u0442\u0438\u0442\u0443\u0446\u0438\u044f \u0437\u0430 \u0441\u043e\u0446\u0438\u0430\u043b\u043d\u0430 \u0441\u0438\u0433\u0443\u0440\u043d\u043e\u0441\u0442<\/li>\n<li>\u0412\u0435\u043b\u0438\u043a\u043e \u043d\u0430\u0440\u043e\u0434\u043d\u043e \u0441\u044a\u0431\u0440\u0430\u043d\u0438\u0435 \u043d\u0430 \u0422\u0443\u0440\u0446\u0438\u044f<\/li>\n<\/ul>\n<p>\n<\/div><div data-bb-version=\"4.6.1\" class=\"bt_bb_separator bt_bb_border_style_none bt_bb_top_spacing_normal bt_bb_bottom_spacing_none\" data-bt-override-class=\"{&quot;bt_bb_top_spacing_&quot;:{&quot;current_class&quot;:&quot;bt_bb_top_spacing_normal&quot;,&quot;def&quot;:&quot;normal&quot;},&quot;bt_bb_bottom_spacing_&quot;:{&quot;current_class&quot;:&quot;bt_bb_bottom_spacing_none&quot;,&quot;def&quot;:&quot;none&quot;}}\"><\/div><\/div><\/div><\/div><div data-bb-version=\"4.6.1\"  class=\"bt_bb_column col-xxl-3 col-xl-3 col-xs-12 col-sm-6 col-md-6 col-lg-3 bt_bb_vertical_align_top bt_bb_align_left bt_bb_padding_normal bt_bb_top_border bt_bb_bottom_border bt_bb_right_border bt_bb_border_style_accent\" style=\"; --column-width:3;\" data-width=\"3\" data-bt-override-class=\"{&quot;bt_bb_align_&quot;:{&quot;current_class&quot;:&quot;bt_bb_align_left&quot;,&quot;def&quot;:&quot;left&quot;},&quot;bt_bb_padding_&quot;:{&quot;current_class&quot;:&quot;bt_bb_padding_normal&quot;,&quot;def&quot;:&quot;normal&quot;}}\"><div class=\"bt_bb_column_content\"><div class=\"bt_bb_column_content_inner\"><div data-bb-version=\"4.6.1\" class=\"bt_bb_separator bt_bb_border_style_none bt_bb_top_spacing_normal bt_bb_bottom_spacing_none\" data-bt-override-class=\"{&quot;bt_bb_top_spacing_&quot;:{&quot;current_class&quot;:&quot;bt_bb_top_spacing_normal&quot;,&quot;def&quot;:&quot;normal&quot;},&quot;bt_bb_bottom_spacing_&quot;:{&quot;current_class&quot;:&quot;bt_bb_bottom_spacing_none&quot;,&quot;def&quot;:&quot;none&quot;}}\"><\/div><header data-bb-version=\"5.4.7\" class=\"bt_bb_headline bt_bb_subheadline_text_transform_default bt_bb_dash_none bt_bb_size_medium bt_bb_align_inherit\" data-bt-override-class=\"{&quot;bt_bb_size_&quot;:{&quot;current_class&quot;:&quot;bt_bb_size_medium&quot;,&quot;def&quot;:&quot;medium&quot;},&quot;bt_bb_align_&quot;:{&quot;current_class&quot;:&quot;bt_bb_align_inherit&quot;,&quot;def&quot;:&quot;inherit&quot;}}\"><h4 class=\"bt_bb_headline_tag\"><span class=\"bt_bb_headline_content\"><span>\u0414\u043e\u043f\u044a\u043b\u043d\u0438\u0442\u0435\u043b\u043d\u0438 \u0437\u0434\u0440\u0430\u0432\u043d\u0438 \u0437\u0430\u0441\u0442\u0440\u0430\u0445\u043e\u0432\u043a\u0438 \u0438 \u0437\u0430\u0441\u0442\u0440\u0430\u0445\u043e\u0432\u043a\u0438 \u0437\u0430 \u043f\u043e\u0434\u043a\u0440\u0435\u043f\u0430<\/span><\/span><\/h4><\/header><div data-bb-version=\"4.6.1\" class=\"bt_bb_separator bt_bb_border_style_none bt_bb_top_spacing_normal bt_bb_bottom_spacing_none\" data-bt-override-class=\"{&quot;bt_bb_top_spacing_&quot;:{&quot;current_class&quot;:&quot;bt_bb_top_spacing_normal&quot;,&quot;def&quot;:&quot;normal&quot;},&quot;bt_bb_bottom_spacing_&quot;:{&quot;current_class&quot;:&quot;bt_bb_bottom_spacing_none&quot;,&quot;def&quot;:&quot;none&quot;}}\"><\/div><div data-bb-version=\"4.6.1\"  class=\"bt_bb_text\" ><\/p>\n<ul>\n<li>Ana Sigorta A.S.<\/li>\n<li>Anadolu Sigorta A.S.<\/li>\n<li>Ankara Insurance Co.<\/li>\n<li>Axa Sigorta A.S.<\/li>\n<li>Doga Insurance Inc.<\/li>\n<li>Ethica Insurance Inc.<\/li>\n<li>Hepiyi Insurance Co.<\/li>\n<li>Kat\u0131l\u0131m Emeklilik ve Hayat A.\u015e.<\/li>\n<li>Madgeburger Insurance Inc.<\/li>\n<li>Mapfre Sigorta A.S.<\/li>\n<li>Medisa Insurance Inc.<\/li>\n<li>Metlife Emeklilik ve Hayat A.\u015e.<\/li>\n<li>Neova Kat\u0131l\u0131m Sigorta A.\u015e.<\/li>\n<li>QNB Sigorta A.\u015e. (\u0431\u0438\u0432\u0448\u0430 Cigna Sa\u011fl\u0131k Hayat ve Emeklilik)<\/li>\n<li>\u0411\u044a\u0440\u0437\u043e Sigorta A.S.<\/li>\n<li>Prive Insurance Inc.<\/li>\n<li>Ray Sigorta A.S.<\/li>\n<li>Referans Sigorta A.\u015e. (\u043f\u0440\u0435\u0434\u0438\u0448\u043d\u0430 Generali Sigorta A.\u015e.)<\/li>\n<li>Sompo Sigorta A.S.<\/li>\n<li>Turk Nippon Sigorta A.S.<\/li>\n<li>\u0417\u0430\u0441\u0442\u0440\u0430\u0445\u043e\u0432\u0430\u0442\u0435\u043b\u043d\u043e \u0434\u0440\u0443\u0436\u0435\u0441\u0442\u0432\u043e \u0422\u0443\u0440\u0446\u0438\u044f.<\/li>\n<li>T\u00fcrkiye Kat\u0131l\u0131m Hayat Sigorta A.\u015e.<\/li>\n<li>Unico Sigorta A.S.<\/li>\n<li>Zurich Sigorta A.\u015e. (\u0447\u043b\u0435\u043d\u043e\u0432\u0435\u0442\u0435 \u043d\u0430 Plus Network \u043c\u043e\u0433\u0430\u0442 \u0434\u0430 \u0438\u0437\u043f\u043e\u043b\u0437\u0432\u0430\u0442)<\/li>\n<li>Zurich Ya\u015fam ve Emeklilik A.\u015e. (\u041f\u0440\u0435\u0434\u0438\u0448\u043d\u043e \u043d\u0430\u0438\u043c\u0435\u043d\u043e\u0432\u0430\u043d\u0438\u0435 NN Hayat ve Emeklilik A.\u015e.)<\/li>\n<\/ul>\n<p>\n<\/div><div data-bb-version=\"4.6.1\" class=\"bt_bb_separator bt_bb_border_style_none bt_bb_top_spacing_normal bt_bb_bottom_spacing_none\" data-bt-override-class=\"{&quot;bt_bb_top_spacing_&quot;:{&quot;current_class&quot;:&quot;bt_bb_top_spacing_normal&quot;,&quot;def&quot;:&quot;normal&quot;},&quot;bt_bb_bottom_spacing_&quot;:{&quot;current_class&quot;:&quot;bt_bb_bottom_spacing_none&quot;,&quot;def&quot;:&quot;none&quot;}}\"><\/div><div data-bb-version=\"4.6.1\"  class=\"bt_bb_text\" ><\/p>\n<p><span style=\"color: #ff0000;\"><strong>** \u041d\u0410 \u0412\u041d\u0418\u041c\u0410\u041d\u0418\u0415\u0422\u041e \u041d\u0410 \u041d\u0410\u0428\u0418\u0422\u0415 \u041f\u0410\u0426\u0418\u0415\u041d\u0422\u0418 **<\/strong><\/span><\/p>\n<p><strong>\u0410\u041a\u041e \u041b\u0415\u041a\u0410\u0420\u042f\u0422 \u041d\u0415 \u0415 \u0421\u042a\u0413\u041b\u0410\u0421\u0415\u041d \u0421 \u0414\u041e\u041f\u042a\u041b\u041d\u0418\u0422\u0415\u041b\u041d\u0418\u0422\u0415 \u0417\u0410\u0421\u0422\u0420\u0410\u0425\u041e\u0412\u041a\u0418;<\/strong><br \/>\n<strong>\u0414\u041e\u041f\u042a\u041b\u041d\u0418\u0422\u0415\u041b\u041d\u0418\u0422\u0415 \u0417\u0410\u0421\u0422\u0420\u0410\u0425\u041e\u0412\u041a\u0418 \u0421\u042a\u0429\u041e \u041d\u0415 \u0421\u0410 \u0412\u0410\u041b\u0418\u0414\u041d\u0418 \u0417\u0410 \u0417\u0410\u042f\u0412\u0415\u041d\u0418\u0422\u0415 \u041f\u0420\u0415\u0413\u041b\u0415\u0414\u0418.<\/strong><br \/>\n<strong>\u041f\u0420\u0415\u041f\u041e\u0420\u042a\u0427\u0412\u0410\u041c\u0415 \u0412\u0418 \u0414\u0410 \u041f\u041e\u041b\u0423\u0427\u0418\u0422\u0415 \u0418\u041d\u0424\u041e\u0420\u041c\u0410\u0426\u0418\u042f, \u041a\u0410\u0422\u041e \u0421\u0415 \u041e\u0411\u0410\u0414\u0418\u0422\u0415 \u0412 \u041d\u0410\u0428\u0410\u0422\u0410 \u0411\u041e\u041b\u041d\u0418\u0426\u0410.<\/strong><\/p>\n<p>&nbsp;<\/p>\n<p>\n<\/div><div data-bb-version=\"4.6.1\" class=\"bt_bb_separator bt_bb_border_style_none bt_bb_top_spacing_normal bt_bb_bottom_spacing_none\" data-bt-override-class=\"{&quot;bt_bb_top_spacing_&quot;:{&quot;current_class&quot;:&quot;bt_bb_top_spacing_normal&quot;,&quot;def&quot;:&quot;normal&quot;},&quot;bt_bb_bottom_spacing_&quot;:{&quot;current_class&quot;:&quot;bt_bb_bottom_spacing_none&quot;,&quot;def&quot;:&quot;none&quot;}}\"><\/div><\/div><\/div><\/div><div data-bb-version=\"4.6.1\"  class=\"bt_bb_column col-xxl-3 col-xl-3 col-xs-12 col-sm-6 col-md-6 col-lg-3 bt_bb_vertical_align_top bt_bb_align_left bt_bb_padding_normal\" style=\"; --column-width:3;\" data-width=\"3\" data-bt-override-class=\"{}\"><div class=\"bt_bb_column_content\"><div class=\"bt_bb_column_content_inner\"><\/div><\/div><\/div><\/div><\/div><\/div><!-- cell_inner --><\/div><!-- cell --><\/div><!-- port --><\/section><\/p>\n","protected":false},"excerpt":{"rendered":"<p>\u041d\u0430\u0448\u0430\u0442\u0430 \u0431\u043e\u043b\u043d\u0438\u0446\u0430 \u043f\u0440\u0435\u0434\u043b\u0430\u0433\u0430 \u0431\u0435\u0437\u043e\u043f\u0430\u0441\u043d\u0438 \u0438 \u043b\u0435\u0441\u043d\u043e \u0434\u043e\u0441\u0442\u044a\u043f\u043d\u0438 \u0437\u0434\u0440\u0430\u0432\u043d\u0438 \u0443\u0441\u043b\u0443\u0433\u0438 \u043d\u0430 \u0441\u0432\u043e\u0438\u0442\u0435 \u043f\u0430\u0446\u0438\u0435\u043d\u0442\u0438 \u0447\u0440\u0435\u0437 \u0448\u0438\u0440\u043e\u043a\u0430\u0442\u0430 \u0441\u0438 \u043c\u0440\u0435\u0436\u0430 \u043e\u0442 \u0438\u043d\u0441\u0442\u0438\u0442\u0443\u0446\u0438\u0438, \u0441 \u043a\u043e\u0438\u0442\u043e \u0438\u043c\u0430 \u0441\u043a\u043b\u044e\u0447\u0435\u043d\u0438 \u0434\u043e\u0433\u043e\u0432\u043e\u0440\u0438. \u0411\u043b\u0430\u0433\u043e\u0434\u0430\u0440\u0435\u043d\u0438\u0435 \u043d\u0430 \u0441\u044a\u0442\u0440\u0443\u0434\u043d\u0438\u0447\u0435\u0441\u0442\u0432\u043e\u0442\u043e \u043d\u0438 \u0441 \u0447\u0430\u0441\u0442\u043d\u0438 \u0437\u0434\u0440\u0430\u0432\u043d\u043e\u043e\u0441\u0438\u0433\u0443\u0440\u0438\u0442\u0435\u043b\u043d\u0438 \u0434\u0440\u0443\u0436\u0435\u0441\u0442\u0432\u0430, \u0431\u0430\u043d\u043a\u0438, \u0444\u043e\u043d\u0434\u043e\u0432\u0435, \u0434\u043e\u043f\u044a\u043b\u043d\u0438\u0442\u0435\u043b\u043d\u0438 \u0437\u0434\u0440\u0430\u0432\u043d\u0438 \u0437\u0430\u0441\u0442\u0440\u0430\u0445\u043e\u0432\u043a\u0438 \u0438 \u043f\u0443\u0431\u043b\u0438\u0447\u043d\u0438 \u0438\u043d\u0441\u0442\u0438\u0442\u0443\u0446\u0438\u0438 \u043c\u043e\u0436\u0435\u0442\u0435 \u0434\u0430 \u0441\u0435 \u0432\u044a\u0437\u043f\u043e\u043b\u0437\u0432\u0430\u0442\u0435 \u043e\u0442 \u0437\u0430\u0441\u0442\u0440\u0430\u0445\u043e\u0432\u043a\u0430\u0442\u0430 \u0441\u0438 \u0437\u0430 \u043b\u0435\u0447\u0435\u043d\u0438\u0435 \u0438 \u043f\u0440\u0435\u0433\u043b\u0435\u0434\u0438. \u0421\u0440\u0435\u0434 \u0438\u043d\u0441\u0442\u0438\u0442\u0443\u0446\u0438\u0438\u0442\u0435, \u0441 \u043a\u043e\u0438\u0442\u043e \u0441\u043c\u0435 \u0441\u043a\u043b\u044e\u0447\u0438\u043b\u0438 \u0434\u043e\u0433\u043e\u0432\u043e\u0440, \u0441\u0430 \u0432\u043e\u0434\u0435\u0449\u0438\u0442\u0435 \u0437\u0430\u0441\u0442\u0440\u0430\u0445\u043e\u0432\u0430\u0442\u0435\u043b\u043d\u0438 \u0438 \u043f\u0435\u043d\u0441\u0438\u043e\u043d\u043d\u0438 \u0434\u0440\u0443\u0436\u0435\u0441\u0442\u0432\u0430 \u0432 \u0422\u0443\u0440\u0446\u0438\u044f, \u043a\u043e\u0435\u0442\u043e \u043e\u0441\u0438\u0433\u0443\u0440\u044f\u0432\u0430 \u043f\u043e-\u0432\u0441\u0435\u043e\u0431\u0445\u0432\u0430\u0442\u043d\u0438 \u0438 \u0438\u0437\u0433\u043e\u0434\u043d\u0438 \u0443\u0441\u043b\u0443\u0433\u0438 \u0437\u0430 \u043d\u0430\u0448\u0438\u0442\u0435 \u043f\u0430\u0446\u0438\u0435\u043d\u0442\u0438.<\/p>\n","protected":false},"author":1,"featured_media":0,"parent":0,"menu_order":0,"comment_status":"closed","ping_status":"closed","template":"","meta":{"footnotes":""},"class_list":["post-10258","page","type-page","status-publish","hentry"],"_links":{"self":[{"href":"https:\/\/medikent.com.tr\/bg\/wp-json\/wp\/v2\/pages\/10258","targetHints":{"allow":["GET"]}}],"collection":[{"href":"https:\/\/medikent.com.tr\/bg\/wp-json\/wp\/v2\/pages"}],"about":[{"href":"https:\/\/medikent.com.tr\/bg\/wp-json\/wp\/v2\/types\/page"}],"author":[{"embeddable":true,"href":"https:\/\/medikent.com.tr\/bg\/wp-json\/wp\/v2\/users\/1"}],"replies":[{"embeddable":true,"href":"https:\/\/medikent.com.tr\/bg\/wp-json\/wp\/v2\/comments?post=10258"}],"version-history":[{"count":28,"href":"https:\/\/medikent.com.tr\/bg\/wp-json\/wp\/v2\/pages\/10258\/revisions"}],"predecessor-version":[{"id":13258,"href":"https:\/\/medikent.com.tr\/bg\/wp-json\/wp\/v2\/pages\/10258\/revisions\/13258"}],"wp:attachment":[{"href":"https:\/\/medikent.com.tr\/bg\/wp-json\/wp\/v2\/media?parent=10258"}],"curies":[{"name":"wp","href":"https:\/\/api.w.org\/{rel}","templated":true}]}}