{"id":7781,"date":"2018-09-19T10:26:01","date_gmt":"2018-09-19T07:26:01","guid":{"rendered":"https:\/\/medikent.com.tr\/%d0%b5%d0%bb%d0%b5%d0%bc%d0%b5%d0%bd%d1%82%d0%b8\/%d0%be%d1%84%d0%be%d1%80%d0%bc%d0%bb%d0%b5%d0%bd%d0%b8%d0%b5-%d0%bd%d0%b0-%d0%b1%d0%bb%d0%be%d0%b3%d0%b0\/"},"modified":"2024-05-20T14:11:07","modified_gmt":"2024-05-20T11:11:07","slug":"%d0%be%d1%84%d0%be%d1%80%d0%bc%d0%bb%d0%b5%d0%bd%d0%b8%d0%b5-%d0%bd%d0%b0-%d0%b1%d0%bb%d0%be%d0%b3%d0%b0","status":"publish","type":"page","link":"https:\/\/medikent.com.tr\/bg\/%d0%b5%d0%bb%d0%b5%d0%bc%d0%b5%d0%bd%d1%82%d0%b8\/%d0%be%d1%84%d0%be%d1%80%d0%bc%d0%bb%d0%b5%d0%bd%d0%b8%d0%b5-%d0%bd%d0%b0-%d0%b1%d0%bb%d0%be%d0%b3%d0%b0\/","title":{"rendered":"\u041e\u0444\u043e\u0440\u043c\u043b\u0435\u043d\u0438\u0435 \u043d\u0430 \u0431\u043b\u043e\u0433\u0430"},"content":{"rendered":"<p><section id=\"bt_bb_section69e4e47c396b2\" class=\"bt_bb_section bt_bb_color_scheme_1 bt_bb_layout_boxed_1200 bt_bb_vertical_align_top bt_bb_top_spacing_extra_large bt_bb_bottom_spacing_large\" style=\"; --section-primary-color:#ffffff; --section-secondary-color:#1d1e21;\" data-bt-override-class=\"null\"><div class=\"bt_bb_port\"><div class=\"bt_bb_cell\"><div class=\"bt_bb_cell_inner\"><div class=\"bt_bb_row \"  data-bt-override-class=\"{}\"><div class=\"bt_bb_row_holder\" ><div  class=\"bt_bb_column col-xxl-12 col-xl-12 col-xs-12 col-sm-12 col-md-12 col-lg-12 bt_bb_vertical_align_bottom bt_bb_align_left bt_bb_padding_normal bt_bb_animation_fade_in animate\" style=\"; --column-width:12;\" data-width=\"12\" data-bt-override-class=\"{}\"><div class=\"bt_bb_column_content\"><div class=\"bt_bb_column_content_inner\"><header class=\"bt_bb_headline bt_bb_dash_none bt_bb_size_extralarge bt_bb_align_inherit\" data-bt-override-class=\"{&quot;bt_bb_size_&quot;:{&quot;current_class&quot;:&quot;bt_bb_size_extralarge&quot;,&quot;def&quot;:&quot;extralarge&quot;,&quot;xl&quot;:&quot;extralarge&quot;},&quot;bt_bb_align_&quot;:{&quot;current_class&quot;:&quot;bt_bb_align_inherit&quot;,&quot;def&quot;:&quot;inherit&quot;,&quot;xl&quot;:&quot;inherit&quot;}}\"><h1 class=\"bt_bb_headline_tag\"><span class=\"bt_bb_headline_content\"><span>\u041e\u0444\u043e\u0440\u043c\u043b\u0435\u043d\u0438\u0435 \u043d\u0430 \u0431\u043b\u043e\u0433\u0430<\/span><\/span><\/h1><\/header><\/div><\/div><\/div><\/div><\/div><\/div><!-- cell_inner --><\/div><!-- cell --><\/div><!-- port --><\/section><section id=\"bt_bb_section69e4e47c39dd3\" class=\"bt_bb_section bt_bb_color_scheme_15 bt_bb_layout_boxed_1200 bt_bb_vertical_align_top bt_bb_top_spacing_large bt_bb_bottom_spacing_large\" style=\"; --section-primary-color:var(--alternate-color); --section-secondary-color:#f3fcff;\" data-bt-override-class=\"null\"><div class=\"bt_bb_port\"><div class=\"bt_bb_cell\"><div class=\"bt_bb_cell_inner\"><div class=\"bt_bb_row \"  data-bt-override-class=\"{}\"><div class=\"bt_bb_row_holder\" ><div  class=\"bt_bb_column col-xxl-12 col-xl-12 bt_bb_vertical_align_top bt_bb_align_left bt_bb_padding_normal\" style=\"; --column-width:12;\" data-width=\"12\" data-bt-override-class=\"{}\"><div class=\"bt_bb_column_content\"><div class=\"bt_bb_column_content_inner\"><div class=\"bt_bb_masonry_post_grid bt_bb_grid_container bt_bb_columns_3 bt_bb_gap_normal\" data-columns=\"3\"><div class=\"bt_bb_post_grid_filter\"><span class=\"bt_bb_post_grid_filter_item active\" data-category=\"\">All<\/span><span class=\"bt_bb_post_grid_filter_item\" data-category=\"uncategorized-bg\">Uncategorized @bg<\/span><\/div><div class=\"bt_bb_masonry_post_grid_content bt_bb_grid_hide\" data-bt-bb-masonry-post-grid-nonce=\"50b9093ec7\" data-number=\"3\" data-category=\"\" data-show=\"%7B%22category%22%3Atrue%2C%22date%22%3Afalse%2C%22author%22%3Afalse%2C%22comments%22%3Afalse%2C%22excerpt%22%3Atrue%2C%22share%22%3Atrue%7D\" data-auto-loading=\"\" data-post-type=\"post\" data-ignore-nonce=\"\"><div class=\"bt_bb_grid_sizer\"><\/div><\/div><div class=\"bt_bb_post_grid_loader\"><\/div><\/div><\/div><\/div><\/div><\/div><\/div><div class=\"bt_bb_row \"  data-bt-override-class=\"{}\"><div class=\"bt_bb_row_holder\" ><div  class=\"bt_bb_column col-xxl-12 col-xl-12 bt_bb_vertical_align_top bt_bb_align_left bt_bb_padding_normal\" style=\"; --column-width:12;\" data-width=\"12\" data-bt-override-class=\"{}\"><div class=\"bt_bb_column_content\"><div class=\"bt_bb_column_content_inner\"><div class=\"bt_bb_separator bt_bb_border_style_solid bt_bb_top_spacing_medium bt_bb_bottom_spacing_medium\" data-bt-override-class=\"null\"><\/div><\/div><\/div><\/div><\/div><\/div><div class=\"bt_bb_row \"  data-bt-override-class=\"{}\"><div class=\"bt_bb_row_holder\" ><div  class=\"bt_bb_column col-xxl-12 col-xl-12 bt_bb_vertical_align_top bt_bb_align_left bt_bb_padding_normal\" style=\"; --column-width:12;\" data-width=\"12\" data-bt-override-class=\"{}\"><div class=\"bt_bb_column_content\"><div class=\"bt_bb_column_content_inner\"><div class=\"bt_bb_latest_posts bt_bb_columns_3 bt_bb_gap_large bt_bb_image_shape_square\"><div class=\"bt_bb_latest_posts_item\"><div class=\"bt_bb_latest_posts_item_inner\"><div class=\"bt_bb_latest_posts_item_image\"><a href=\"https:\/\/medikent.com.tr\/bg\/2025\/04\/hastanemize-ziyaret\/\" target=\"_self\"><img decoding=\"async\" src=\"https:\/\/medikent.com.tr\/wp-content\/plugins\/bold-page-builder\/img\/blank.gif\" alt=\"Hastanemize Ziyaret\" title=\"Hastanemize Ziyaret\" class=\"btLazyLoadImage\"  data-image_src=\"https:\/\/medikent.com.tr\/wp-content\/uploads\/2025\/04\/WhatsApp-Image-2025-04-25-at-08.48.58-1-720x1080.jpeg\" ><\/a><\/div><div class=\"bt_bb_latest_posts_item_content\"><h5 class=\"bt_bb_latest_posts_item_title\"><a href=\"https:\/\/medikent.com.tr\/bg\/2025\/04\/hastanemize-ziyaret\/\" target=\"_self\">Hastanemize Ziyaret<\/a><\/h5><div class=\"bt_bb_latest_posts_item_excerpt\">Valimiz Say\u0131n U\u011fur TURAN, L\u00fcleburgaz \u0130l\u00e7e Kaymakam\u0131m\u0131z Say\u0131n Salih Y\u00dcCE, K\u0131rklareli \u0130l Sa\u011fl\u0131k M\u00fcd\u00fcr\u00fcm\u00fcz Dr. \u00d6\u011fr. \u00dcyesi \u00c7i\u011fdem CER\u0130T , Hastanemizi ziyaret ederek, hastane y\u00f6neticilerimizden faaliyetlerimiz ile ilgili bilgiler ald\u0131lar.Hastalar\u0131m\u0131za acil \u015fifalar, doktorlar\u0131m\u0131z ve sa\u011fl\u0131k \u00e7al\u0131\u015fanlar\u0131m\u0131za kolayl\u0131klar dilediler.<\/div><div class=\"bt_bb_latest_posts_read_more\"><a href=\"https:\/\/medikent.com.tr\/bg\/2025\/04\/hastanemize-ziyaret\/\" target=\"_self\"><span>READ MORE<\/span><\/a><\/div><\/div> <!-- \/bt_bb_latest_posts_item_content --><\/div> <!-- \/bt_bb_latest_posts_item_inner --><\/div> <!-- \/bt_bb_latest_posts_item  --><\/div><\/div><\/div><\/div><\/div><\/div><\/div><!-- cell_inner --><\/div><!-- cell --><\/div><!-- port --><\/section><\/p>\n","protected":false},"excerpt":{"rendered":"","protected":false},"author":1,"featured_media":0,"parent":7315,"menu_order":0,"comment_status":"closed","ping_status":"closed","template":"","meta":{"footnotes":""},"class_list":["post-7781","page","type-page","status-publish","hentry"],"_links":{"self":[{"href":"https:\/\/medikent.com.tr\/bg\/wp-json\/wp\/v2\/pages\/7781","targetHints":{"allow":["GET"]}}],"collection":[{"href":"https:\/\/medikent.com.tr\/bg\/wp-json\/wp\/v2\/pages"}],"about":[{"href":"https:\/\/medikent.com.tr\/bg\/wp-json\/wp\/v2\/types\/page"}],"author":[{"embeddable":true,"href":"https:\/\/medikent.com.tr\/bg\/wp-json\/wp\/v2\/users\/1"}],"replies":[{"embeddable":true,"href":"https:\/\/medikent.com.tr\/bg\/wp-json\/wp\/v2\/comments?post=7781"}],"version-history":[{"count":0,"href":"https:\/\/medikent.com.tr\/bg\/wp-json\/wp\/v2\/pages\/7781\/revisions"}],"up":[{"embeddable":true,"href":"https:\/\/medikent.com.tr\/bg\/wp-json\/wp\/v2\/pages\/7315"}],"wp:attachment":[{"href":"https:\/\/medikent.com.tr\/bg\/wp-json\/wp\/v2\/media?parent=7781"}],"curies":[{"name":"wp","href":"https:\/\/api.w.org\/{rel}","templated":true}]}}