{"id":8738,"date":"2023-10-07T00:52:33","date_gmt":"2023-10-06T21:52:33","guid":{"rendered":"https:\/\/medikent.com.tr\/%d0%ba%d0%be%d0%bc%d0%b8%d1%82%d0%b5%d1%82%d0%b8\/"},"modified":"2025-11-13T14:49:01","modified_gmt":"2025-11-13T11:49:01","slug":"%d0%ba%d0%be%d0%bc%d0%b8%d1%82%d0%b5%d1%82%d0%b8","status":"publish","type":"page","link":"https:\/\/medikent.com.tr\/bg\/%d0%ba%d0%be%d0%bc%d0%b8%d1%82%d0%b5%d1%82%d0%b8\/","title":{"rendered":"\u041a\u043e\u043c\u0438\u0442\u0435\u0442\u0438"},"content":{"rendered":"<p><section data-bb-version=\"4.6.1\" id=\"bt_bb_section69e498362e83c\" class=\"bt_bb_section bt_bb_color_scheme_1 bt_bb_layout_boxed_1200 bt_bb_vertical_align_top bt_bb_top_spacing_extra_large bt_bb_bottom_spacing_large\" style=\"; --section-primary-color:#ffffff; --section-secondary-color:#1d1e21;\" data-bt-override-class=\"{&quot;bt_bb_top_spacing_&quot;:{&quot;current_class&quot;:&quot;bt_bb_top_spacing_extra_large&quot;,&quot;def&quot;:&quot;extra_large&quot;},&quot;bt_bb_bottom_spacing_&quot;:{&quot;current_class&quot;:&quot;bt_bb_bottom_spacing_large&quot;,&quot;def&quot;:&quot;large&quot;}}\"><div class=\"bt_bb_background_image_holder_wrapper\"><div class=\"bt_bb_background_image_holder btLazyLoadBackground bt_bb_parallax\"  data-background_image_src=\"https:\/\/medikent.com.tr\/wp-content\/uploads\/2023\/10\/background_footer_01.jpg\" data-parallax=\"0.6\" data-parallax-offset=\"0\" data-parallax-zoom-start=\"1\" data-parallax-zoom-end=\"1\" data-parallax-blur-start=\"0\" data-parallax-blur-end=\"0\" data-parallax-opacity-start=\"1\" data-parallax-opacity-end=\"1\" style=\" background-image: url(&#039;https:\/\/medikent.com.tr\/wp-content\/plugins\/bold-page-builder\/img\/blank.gif&#039;);\"><\/div><\/div><div class=\"bt_bb_port\"><div class=\"bt_bb_cell\"><div class=\"bt_bb_cell_inner\"><div class=\"bt_bb_row \"  data-bt-override-class=\"{}\"><div class=\"bt_bb_row_holder\" ><div  class=\"bt_bb_column col-xxl-6 col-xl-6 col-xs-12 col-sm-6 col-md-6 col-lg-6 bt_bb_vertical_align_bottom bt_bb_align_left bt_bb_padding_normal bt_bb_animation_fade_in animate\" style=\"; --column-width:6;\" data-width=\"6\" data-bt-override-class=\"{}\"><div class=\"bt_bb_column_content\"><div class=\"bt_bb_column_content_inner\"><header data-bb-version=\"4.6.1\" class=\"bt_bb_headline bt_bb_subheadline_text_transform_default bt_bb_dash_none bt_bb_size_extralarge bt_bb_align_inherit\" data-bt-override-class=\"{&quot;bt_bb_size_&quot;:{&quot;current_class&quot;:&quot;bt_bb_size_extralarge&quot;,&quot;def&quot;:&quot;extralarge&quot;},&quot;bt_bb_align_&quot;:{&quot;current_class&quot;:&quot;bt_bb_align_inherit&quot;,&quot;def&quot;:&quot;inherit&quot;}}\"><h1 class=\"bt_bb_headline_tag\"><span class=\"bt_bb_headline_content\"><span>\u041a\u043e\u043c\u0438\u0442\u0435\u0442\u0438<\/span><\/span><\/h1><\/header><\/div><\/div><\/div><div  class=\"bt_bb_column col-xxl-6 col-xl-6 col-xs-12 col-sm-6 col-md-6 col-lg-6 bt_bb_vertical_align_top bt_bb_align_left bt_bb_padding_normal\" style=\"; --column-width:6;\" data-width=\"6\" data-bt-override-class=\"{}\"><div class=\"bt_bb_column_content\"><div class=\"bt_bb_column_content_inner\"><\/div><\/div><\/div><\/div><\/div><\/div><!-- cell_inner --><\/div><!-- cell --><\/div><!-- port --><\/section><section id=\"bt_bb_section69e498362efee\" class=\"bt_bb_section bt_bb_color_scheme_8 bt_bb_layout_wide bt_bb_vertical_align_top bt_bb_top_spacing_large bt_bb_bottom_spacing_medium\" style=\"; --section-primary-color:var(--alternate-color); --section-secondary-color:#ffffff;\" data-bt-override-class=\"null\"><div class=\"bt_bb_port\"><div class=\"bt_bb_cell\"><div class=\"bt_bb_cell_inner\"><div class=\"bt_bb_row \"  data-bt-override-class=\"{}\"><div class=\"bt_bb_row_holder\" ><div  class=\"bt_bb_column col-xxl-3 col-xl-3 col-xs-12 col-sm-12 col-md-12 col-lg-3 bt_bb_vertical_align_top bt_bb_align_left bt_bb_padding_normal\" style=\"; --column-width:3;\" data-width=\"3\" data-bt-override-class=\"{}\"><div class=\"bt_bb_column_content\"><div class=\"bt_bb_column_content_inner\"><\/div><\/div><\/div><div  class=\"bt_bb_column col-xxl-6 col-xl-6 col-xs-12 col-sm-12 col-md-12 col-lg-6 bt_bb_vertical_align_top bt_bb_align_center bt_bb_padding_normal bt_bb_animation_fade_in animate\" style=\"; --column-width:6;\" data-width=\"6\" data-bt-override-class=\"{}\"><div class=\"bt_bb_column_content\"><div class=\"bt_bb_column_content_inner\"><div data-bb-version=\"4.6.1\"  class=\"bt_bb_text\" ><\/p>\n<p style=\"text-align: left;\"><strong>\u041a\u041e\u041c\u0418\u0422\u0415\u0422 \u0417\u0410 \u0411\u0415\u0417\u041e\u041f\u0410\u0421\u041d\u041e\u0421\u0422 \u041d\u0410 \u041f\u0410\u0426\u0418\u0415\u041d\u0422\u0418\u0422\u0415<\/strong><br \/><em>\u0427\u043b\u0435\u043d\u043e\u0432\u0435 \u043d\u0430 \u041a\u043e\u043c\u0438\u0442\u0435\u0442\u0430<\/em><\/p>\n<ul style=\"text-align: left;\">\n<li>Opr. \u0414-\u0440 Turgay Y\u00dcCEL \u041e\u0442\u0433\u043e\u0432\u043e\u0440\u0435\u043d \u043c\u0435\u043d\u0438\u0434\u0436\u044a\u0440<\/li>\n<li>\u0414-\u0440 \u0130lyas ASLAN \u0411\u0438\u0437\u043d\u0435\u0441 \u0434\u0438\u0440\u0435\u043a\u0442\u043e\u0440<\/li>\n<li>Evin KI\u015eKIR \u041e\u0442\u0433\u043e\u0432\u043e\u0440\u043d\u0430 \u043c\u0435\u0434\u0438\u0446\u0438\u043d\u0441\u043a\u0430 \u0441\u0435\u0441\u0442\u0440\u0430<\/li>\n<li>Sevilay TINAZ \u041e\u0442\u0433\u043e\u0432\u043e\u0440\u043d\u0438\u043a \u0437\u0430 \u0443\u043f\u0440\u0430\u0432\u043b\u0435\u043d\u0438\u0435\u0442\u043e \u043d\u0430 \u043a\u0430\u0447\u0435\u0441\u0442\u0432\u043e\u0442\u043e<\/li>\n<li>\u0422\u043e\u043b\u0433\u0430 \u0427\u0430\u043a\u0438\u0440\u043b\u0438 \u0441\u043b\u0443\u0436\u0438\u0442\u0435\u043b \u043f\u043e \u0438\u043d\u0444\u043e\u0440\u043c\u0430\u0446\u0438\u043e\u043d\u043d\u0438 \u0442\u0435\u0445\u043d\u043e\u043b\u043e\u0433\u0438\u0438<\/li>\n<li>Aylin G\u0130RG\u0130N \u0414\u0438\u0440\u0435\u043a\u0442\u043e\u0440 \u043d\u0430 \u0441\u0435\u0441\u0442\u0440\u0438\u043d\u0441\u043a\u0438\u0442\u0435 \u0443\u0441\u043b\u0443\u0433\u0438<\/li>\n<\/ul>\n<p style=\"text-align: left;\"><strong>\u041a\u041e\u041c\u0418\u0422\u0415\u0422 \u041f\u041e \u0422\u0420\u0410\u041d\u0421\u0424\u0423\u0417\u0418\u042f<\/strong><br \/><em>\u0427\u043b\u0435\u043d\u043e\u0432\u0435 \u043d\u0430 \u041a\u043e\u043c\u0438\u0442\u0435\u0442\u0430<\/em><\/p>\n<ul style=\"text-align: left;\">\n<li>Opr. \u0414-\u0440 Teoman DURUKAN \u041f\u043e\u043c\u043e\u0449\u043d\u0438\u043a-\u0443\u043f\u0440\u0430\u0432\u0438\u0442\u0435\u043b<\/li>\n<li>\u0414-\u0440 \u0130lyas ASLAN \u0411\u0438\u0437\u043d\u0435\u0441 \u0434\u0438\u0440\u0435\u043a\u0442\u043e\u0440<\/li>\n<li>Uzm. \u0414-\u0440 \u0421\u0435\u043b\u0447\u0443\u043a \u0427\u0443\u043a\u0443\u0440\u043e\u0432\u0430 \u0421\u043f\u0435\u0446\u0438\u0430\u043b\u0438\u0441\u0442 \u043f\u043e \u0432\u044a\u0442\u0440\u0435\u0448\u043d\u0438 \u0431\u043e\u043b\u0435\u0441\u0442\u0438<\/li>\n<li>Opr. \u0414-\u0440 \u0421\u0435\u0432\u0433\u0438\u043d \u041c\u0415\u0420\u0422 \u0421\u043f\u0435\u0446\u0438\u0430\u043b\u0438\u0441\u0442 \u043f\u043e \u0430\u043a\u0443\u0448\u0435\u0440\u0441\u0442\u0432\u043e \u0438 \u0433\u0438\u043d\u0435\u043a\u043e\u043b\u043e\u0433\u0438\u044f<\/li>\n<li>Uzm. \u0414-\u0440 Ayd\u0131n VAROL \u0421\u043f\u0435\u0446\u0438\u0430\u043b\u0438\u0441\u0442 \u043f\u043e \u0434\u0435\u0442\u0441\u043a\u0438 \u0431\u043e\u043b\u0435\u0441\u0442\u0438<\/li>\n<li>Uzm. \u0414-\u0440 \u0410\u043b\u0438 \u0421\u044c\u043e\u043a\u0435\u0440 \u0421\u043f\u0435\u0446\u0438\u0430\u043b\u0438\u0441\u0442 \u043f\u043e \u0430\u043d\u0435\u0441\u0442\u0435\u0437\u0438\u044f \u0438 \u0440\u0435\u0430\u043d\u0438\u043c\u0430\u0446\u0438\u044f<\/li>\n<li>Uzm. \u0414-\u0440 \u041d\u0435\u0440\u043c\u0438\u043d \u0414\u044e\u0440\u0430\u043d \u0421\u043f\u0435\u0446\u0438\u0430\u043b\u0438\u0441\u0442 \u043f\u043e \u043c\u0438\u043a\u0440\u043e\u0431\u0438\u043e\u043b\u043e\u0433\u0438\u044f<\/li>\n<li>Aylin G\u0130RG\u0130N \u0414\u0438\u0440\u0435\u043a\u0442\u043e\u0440 \u043d\u0430 \u0441\u0435\u0441\u0442\u0440\u0438\u043d\u0441\u043a\u0438\u0442\u0435 \u0443\u0441\u043b\u0443\u0433\u0438<\/li>\n<li>Sevilay TINAZ \u041e\u0442\u0433\u043e\u0432\u043e\u0440\u043d\u0438\u043a \u0437\u0430 \u0443\u043f\u0440\u0430\u0432\u043b\u0435\u043d\u0438\u0435\u0442\u043e \u043d\u0430 \u043a\u0430\u0447\u0435\u0441\u0442\u0432\u043e\u0442\u043e<\/li>\n<li>Asl\u0131 ATE\u015e \u041d\u0430\u0434\u0437\u043e\u0440\u043d\u0438\u043a \u043d\u0430 \u0442\u0440\u0430\u043d\u0441\u0444\u0443\u0437\u0438\u043e\u043d\u043d\u043e\u0442\u043e \u0437\u0432\u0435\u043d\u043e<\/li>\n<li>Hacer KAHYA \u0420\u044a\u043a\u043e\u0432\u043e\u0434\u0438\u0442\u0435\u043b \u043d\u0430 \u043b\u0430\u0431\u043e\u0440\u0430\u0442\u043e\u0440\u0438\u044f<\/li>\n<\/ul>\n<p style=\"text-align: left;\"><strong>\u041a\u041e\u041c\u0418\u0422\u0415\u0422 \u041f\u041e \u0417\u0414\u0420\u0410\u0412\u041e\u0421\u041b\u041e\u0412\u041d\u0418 \u0418 \u0411\u0415\u0417\u041e\u041f\u0410\u0421\u041d\u0418 \u0423\u0421\u041b\u041e\u0412\u0418\u042f \u041d\u0410 \u0422\u0420\u0423\u0414<\/strong><br \/><em>\u0427\u043b\u0435\u043d\u043e\u0432\u0435 \u043d\u0430 \u041a\u043e\u043c\u0438\u0442\u0435\u0442\u0430<\/em><\/p>\n<ul style=\"text-align: left;\">\n<li>Opr. \u0414-\u0440 Teoman DURUKAN \u041f\u043e\u043c\u043e\u0449\u043d\u0438\u043a-\u0443\u043f\u0440\u0430\u0432\u0438\u0442\u0435\u043b<\/li>\n<li>\u0414-\u0440 \u0130lyas ASLAN \u0411\u0438\u0437\u043d\u0435\u0441 \u0434\u0438\u0440\u0435\u043a\u0442\u043e\u0440<\/li>\n<li>Aylin G\u0130RG\u0130N \u0414\u0438\u0440\u0435\u043a\u0442\u043e\u0440 \u043d\u0430 \u0441\u0435\u0441\u0442\u0440\u0438\u043d\u0441\u043a\u0438\u0442\u0435 \u0443\u0441\u043b\u0443\u0433\u0438<\/li>\n<li>Sevilay TINAZ \u041e\u0442\u0433\u043e\u0432\u043e\u0440\u043d\u0438\u043a \u0437\u0430 \u0443\u043f\u0440\u0430\u0432\u043b\u0435\u043d\u0438\u0435\u0442\u043e \u043d\u0430 \u043a\u0430\u0447\u0435\u0441\u0442\u0432\u043e\u0442\u043e<\/li>\n<li>Opr.Dr. H.Korhan ALTAN \u041b\u0435\u043a\u0430\u0440 \u043f\u043e \u0442\u0440\u0443\u0434\u043e\u0432\u0430 \u043c\u0435\u0434\u0438\u0446\u0438\u043d\u0430<\/li>\n<li>Nurettin KORKMAZ \u0421\u043f\u0435\u0446\u0438\u0430\u043b\u0438\u0441\u0442 \u043f\u043e \u0437\u0434\u0440\u0430\u0432\u043e\u0441\u043b\u043e\u0432\u043d\u0438 \u0438 \u0431\u0435\u0437\u043e\u043f\u0430\u0441\u043d\u0438 \u0443\u0441\u043b\u043e\u0432\u0438\u044f \u043d\u0430 \u0442\u0440\u0443\u0434<\/li>\n<li>Nurullah KARADEN\u0130Z \u041f\u043e\u043c\u043e\u0449\u0435\u043d \u043f\u0435\u0440\u0441\u043e\u043d\u0430\u043b<\/li>\n<li>Yaman DALKIRAN \u0413\u043b\u0430\u0432\u0435\u043d \u043f\u0440\u0435\u0434\u0441\u0442\u0430\u0432\u0438\u0442\u0435\u043b \u043d\u0430 \u0441\u043b\u0443\u0436\u0438\u0442\u0435\u043b\u0438\u0442\u0435 \u043d\u0430 \u0440\u0430\u0431\u043e\u0442\u043d\u043e\u0442\u043e \u043c\u044f\u0441\u0442\u043e<\/li>\n<li>Recep Nur KART \u041f\u0440\u0435\u0434\u0441\u0442\u0430\u0432\u0438\u0442\u0435\u043b \u043d\u0430 \u0440\u0430\u0431\u043e\u0442\u043e\u0434\u0430\u0442\u0435\u043b\u044f<\/li>\n<li>Emine Melis \u015eEN \u0421\u043b\u0443\u0436\u0438\u0442\u0435\u043b \u0447\u043e\u0432\u0435\u0448\u043a\u0438 \u0440\u0435\u0441\u0443\u0440\u0441\u0438<\/li>\n<\/ul>\n<p style=\"text-align: left;\"><strong>\u041a\u041e\u041c\u0418\u0422\u0415\u0422 \u0417\u0410 \u0411\u0415\u0417\u041e\u041f\u0410\u0421\u041d\u041e\u0421\u0422 \u041d\u0410 \u0421\u042a\u041e\u0420\u042a\u0416\u0415\u041d\u0418\u0415\u0422\u041e<\/strong><br \/><em>\u0427\u043b\u0435\u043d\u043e\u0432\u0435 \u043d\u0430 \u041a\u043e\u043c\u0438\u0442\u0435\u0442\u0430<\/em><\/p>\n<ul style=\"text-align: left;\">\n<li>Opr. \u0414-\u0440 Turgay Y\u00dcCEL \u041e\u0442\u0433\u043e\u0432\u043e\u0440\u0435\u043d \u043c\u0435\u043d\u0438\u0434\u0436\u044a\u0440<\/li>\n<li>\u0414-\u0440 \u0130lyas ASLAN \u0411\u0438\u0437\u043d\u0435\u0441 \u0434\u0438\u0440\u0435\u043a\u0442\u043e\u0440<\/li>\n<li>Opr. \u0414-\u0440 \u0424\u0435\u0440\u0445\u0430\u0442 \u0413\u0415\u0413\u0410 \u0421\u043f\u0435\u0446\u0438\u0430\u043b\u0438\u0441\u0442 \u043f\u043e \u043e\u0431\u0449\u0430 \u0445\u0438\u0440\u0443\u0440\u0433\u0438\u044f<\/li>\n<li>Aylin G\u0130RG\u0130N \u0414\u0438\u0440\u0435\u043a\u0442\u043e\u0440 \u043d\u0430 \u0441\u0435\u0441\u0442\u0440\u0438\u043d\u0441\u043a\u0438\u0442\u0435 \u0443\u0441\u043b\u0443\u0433\u0438<\/li>\n<li>Sevilay TINAZ \u041e\u0442\u0433\u043e\u0432\u043e\u0440\u043d\u0438\u043a \u0437\u0430 \u0443\u043f\u0440\u0430\u0432\u043b\u0435\u043d\u0438\u0435\u0442\u043e \u043d\u0430 \u043a\u0430\u0447\u0435\u0441\u0442\u0432\u043e\u0442\u043e<\/li>\n<li>Nurettin KORKMAZ \u0421\u043f\u0435\u0446\u0438\u0430\u043b\u0438\u0441\u0442 \u043f\u043e \u0437\u0434\u0440\u0430\u0432\u043e\u0441\u043b\u043e\u0432\u043d\u0438 \u0438 \u0431\u0435\u0437\u043e\u043f\u0430\u0441\u043d\u0438 \u0443\u0441\u043b\u043e\u0432\u0438\u044f \u043d\u0430 \u0442\u0440\u0443\u0434<\/li>\n<li>Nurullah KARADEN\u0130Z \u041e\u0442\u0433\u043e\u0432\u043e\u0440\u043d\u0438\u043a \u0437\u0430 \u0442\u0435\u0445\u043d\u0438\u0447\u0435\u0441\u043a\u0430\u0442\u0430 \u0441\u043b\u0443\u0436\u0431\u0430<\/li>\n<\/ul>\n<p style=\"text-align: left;\"><strong>\u041a\u041e\u041c\u0418\u0422\u0415\u0422 \u0417\u0410 \u041a\u041e\u041d\u0422\u0420\u041e\u041b \u041d\u0410 \u0418\u041d\u0424\u0415\u041a\u0426\u0418\u0418\u0422\u0415<\/strong><br \/><em>\u0427\u043b\u0435\u043d\u043e\u0432\u0435 \u043d\u0430 \u041a\u043e\u043c\u0438\u0442\u0435\u0442\u0430<\/em><\/p>\n<ul style=\"text-align: left;\">\n<li>Opr.Dr.Turgay Y\u00dcCEL \u041e\u0442\u0433\u043e\u0432\u043e\u0440\u0435\u043d \u043c\u0435\u043d\u0438\u0434\u0436\u044a\u0440<\/li>\n<li>\u0414-\u0440 \u0130lyas ASLAN \u0411\u0438\u0437\u043d\u0435\u0441 \u0434\u0438\u0440\u0435\u043a\u0442\u043e\u0440<\/li>\n<li>Opr.Dr.Ferhat GEGA \u0421\u043f\u0435\u0446\u0438\u0430\u043b\u0438\u0441\u0442 \u043f\u043e \u043e\u0431\u0449\u0430 \u0445\u0438\u0440\u0443\u0440\u0433\u0438\u044f<\/li>\n<li>Uzm. \u0414-\u0440 \u041d\u0435\u0440\u043c\u0438\u043d \u0414\u044e\u0440\u0430\u043d \u0421\u043f\u0435\u0446\u0438\u0430\u043b\u0438\u0441\u0442 \u043f\u043e \u043c\u0438\u043a\u0440\u043e\u0431\u0438\u043e\u043b\u043e\u0433\u0438\u044f<\/li>\n<li>Uzm. \u0414-\u0440 \u00d6zlem KO\u00c7AK PEHL\u0130VAN \u0421\u043f\u0435\u0446\u0438\u0430\u043b\u0438\u0441\u0442 \u043f\u043e \u0432\u044a\u0442\u0440\u0435\u0448\u043d\u0438 \u0431\u043e\u043b\u0435\u0441\u0442\u0438<\/li>\n<li>Uzm.Dr.Ayd\u0131n VAROL \u0421\u043f\u0435\u0446\u0438\u0430\u043b\u0438\u0441\u0442 \u043f\u043e \u0434\u0435\u0442\u0441\u043a\u0438 \u0431\u043e\u043b\u0435\u0441\u0442\u0438<\/li>\n<li>Uzm. \u0414-\u0440 Funda \u00c7EL\u0130K \u0421\u043f\u0435\u0446\u0438\u0430\u043b\u0438\u0441\u0442 \u043f\u043e \u0430\u043d\u0435\u0441\u0442\u0435\u0437\u0438\u044f \u0438 \u0440\u0435\u0430\u043d\u0438\u043c\u0430\u0446\u0438\u044f<\/li>\n<li>Aylin G\u0130RG\u0130N \u0414\u0438\u0440\u0435\u043a\u0442\u043e\u0440 \u043d\u0430 \u0441\u0435\u0441\u0442\u0440\u0438\u043d\u0441\u043a\u0438\u0442\u0435 \u0443\u0441\u043b\u0443\u0433\u0438<\/li>\n<li>Sevilay TINAZ \u041e\u0442\u0433\u043e\u0432\u043e\u0440\u043d\u0438\u043a \u0437\u0430 \u0443\u043f\u0440\u0430\u0432\u043b\u0435\u043d\u0438\u0435\u0442\u043e \u043d\u0430 \u043a\u0430\u0447\u0435\u0441\u0442\u0432\u043e\u0442\u043e<\/li>\n<li>Merve CAN \u041c\u0435\u0434\u0438\u0446\u0438\u043d\u0441\u043a\u0430 \u0441\u0435\u0441\u0442\u0440\u0430 \u043f\u043e \u0438\u043d\u0444\u0435\u043a\u0446\u0438\u0438\u0442\u0435<\/li>\n<li>Nurettin KORKMAZ \u0421\u043f\u0435\u0446\u0438\u0430\u043b\u0438\u0441\u0442 \u043f\u043e \u0437\u0434\u0440\u0430\u0432\u043e\u0441\u043b\u043e\u0432\u043d\u0438 \u0438 \u0431\u0435\u0437\u043e\u043f\u0430\u0441\u043d\u0438 \u0443\u0441\u043b\u043e\u0432\u0438\u044f \u043d\u0430 \u0442\u0440\u0443\u0434<\/li>\n<li>P\u0131nar \u0130NCE \u041e\u0431\u0449\u0430 \u043c\u0435\u0434\u0438\u0446\u0438\u043d\u0441\u043a\u0430 \u0441\u0435\u0441\u0442\u0440\u0430 \u0437\u0430 \u0438\u043d\u0442\u0435\u043d\u0437\u0438\u0432\u043d\u0438 \u0433\u0440\u0438\u0436\u0438<\/li>\n<li>Nurullah KARADEN\u0130Z \u041e\u0442\u0433\u043e\u0432\u043e\u0440\u043d\u0438\u043a \u0437\u0430 \u0442\u0435\u0445\u043d\u0438\u0447\u0435\u0441\u043a\u0430\u0442\u0430 \u0441\u043b\u0443\u0436\u0431\u0430<\/li>\n<\/ul>\n<p style=\"text-align: left;\"><strong>\u041a\u041e\u041c\u0418\u0422\u0415\u0422 \u041f\u041e \u041e\u0411\u0420\u0410\u0417\u041e\u0412\u0410\u041d\u0418\u0415\u0422\u041e<\/strong><br \/><em>\u0427\u043b\u0435\u043d\u043e\u0432\u0435 \u043d\u0430 \u041a\u043e\u043c\u0438\u0442\u0435\u0442\u0430<\/em><\/p>\n<ul style=\"text-align: left;\">\n<li>Opr. \u0414-\u0440 Turgay Y\u00dcCEL \u041e\u0442\u0433\u043e\u0432\u043e\u0440\u0435\u043d \u043c\u0435\u043d\u0438\u0434\u0436\u044a\u0440<\/li>\n<li>\u0414-\u0440 \u0130lyas ASLAN \u0411\u0438\u0437\u043d\u0435\u0441 \u0434\u0438\u0440\u0435\u043a\u0442\u043e\u0440<\/li>\n<li>Aylin G\u0130RG\u0130N \u0414\u0438\u0440\u0435\u043a\u0442\u043e\u0440 \u043d\u0430 \u0441\u0435\u0441\u0442\u0440\u0438\u043d\u0441\u043a\u0438\u0442\u0435 \u0443\u0441\u043b\u0443\u0433\u0438<\/li>\n<li>Sevilay TINAZ \u041e\u0442\u0433\u043e\u0432\u043e\u0440\u043d\u0438\u043a \u0437\u0430 \u0443\u043f\u0440\u0430\u0432\u043b\u0435\u043d\u0438\u0435\u0442\u043e \u043d\u0430 \u043a\u0430\u0447\u0435\u0441\u0442\u0432\u043e\u0442\u043e<\/li>\n<li>Nurettin KORKMAZ \u0421\u043f\u0435\u0446\u0438\u0430\u043b\u0438\u0441\u0442 \u043f\u043e \u0437\u0434\u0440\u0430\u0432\u043e\u0441\u043b\u043e\u0432\u043d\u0438 \u0438 \u0431\u0435\u0437\u043e\u043f\u0430\u0441\u043d\u0438 \u0443\u0441\u043b\u043e\u0432\u0438\u044f \u043d\u0430 \u0442\u0440\u0443\u0434<\/li>\n<li>Elif BEYAZ \u041c\u0435\u0434\u0438\u0446\u0438\u043d\u0441\u043a\u0430 \u0441\u0435\u0441\u0442\u0440\u0430 \u043f\u043e \u043e\u0431\u0440\u0430\u0437\u043e\u0432\u0430\u043d\u0438\u0435<\/li>\n<li>Emine Melis \u015eEN \u0421\u043b\u0443\u0436\u0438\u0442\u0435\u043b \u0447\u043e\u0432\u0435\u0448\u043a\u0438 \u0440\u0435\u0441\u0443\u0440\u0441\u0438<\/li>\n<li>Derya YAKUT \u0413\u0438\u043d\u0435\u043a\u043e\u043b\u043e\u0433\u0438\u0447\u043d\u0430 \u0441\u043b\u0443\u0436\u0431\u0430 \u041e\u0442\u0433\u043e\u0432\u043e\u0440\u043d\u0430 \u043c\u0435\u0434\u0438\u0446\u0438\u043d\u0441\u043a\u0430 \u0441\u0435\u0441\u0442\u0440\u0430<\/li>\n<li>Tu\u011fba ANITAN \u0421\u043b\u0443\u0436\u0431\u0430 \u0437\u0430 \u0434\u0435\u0446\u0430 \u041e\u0442\u0433\u043e\u0432\u043e\u0440\u043d\u0430 \u043c\u0435\u0434\u0438\u0446\u0438\u043d\u0441\u043a\u0430 \u0441\u0435\u0441\u0442\u0440\u0430<\/li>\n<\/ul>\n<p style=\"text-align: left;\"><strong>\u041a\u041e\u041c\u0418\u0422\u0415\u0422 \u0417\u0410 \u041f\u041e\u0414\u041e\u0411\u0420\u042f\u0412\u0410\u041d\u0415 \u041d\u0410 \u041a\u0410\u0427\u0415\u0421\u0422\u0412\u041e\u0422\u041e \u041d\u0410 \u041a\u041b\u0418\u041d\u0418\u0427\u041d\u0418\u0422\u0415 \u041f\u0420\u041e\u0426\u0415\u0414\u0423\u0420\u0418 \u041f\u0420\u0418 \u041a\u041e\u041b\u041e\u0420\u0415\u041a\u0422\u0410\u041b\u0415\u041d \u0420\u0410\u041a<\/strong><br \/><em>\u0427\u043b\u0435\u043d\u043e\u0432\u0435 \u043d\u0430 \u041a\u043e\u043c\u0438\u0442\u0435\u0442\u0430  <\/em><\/p>\n<ul>\n<li style=\"text-align: left;\">Opr. \u0414-\u0440 Turgay Y\u00dcCEL \u041e\u0442\u0433\u043e\u0432\u043e\u0440\u0435\u043d \u043c\u0435\u043d\u0438\u0434\u0436\u044a\u0440<\/li>\n<li style=\"text-align: left;\">\u0414-\u0440 \u0130lyas ASLAN \u0411\u0438\u0437\u043d\u0435\u0441 \u0434\u0438\u0440\u0435\u043a\u0442\u043e\u0440<\/li>\n<li style=\"text-align: left;\">Opr.Dr.Ferhat GEGA \u0421\u043f\u0435\u0446\u0438\u0430\u043b\u0438\u0441\u0442 \u043f\u043e \u043e\u0431\u0449\u0430 \u0445\u0438\u0440\u0443\u0440\u0433\u0438\u044f<\/li>\n<li style=\"text-align: left;\">Tolga \u00c7AKIRLI \u0421\u043b\u0443\u0436\u0438\u0442\u0435\u043b \u043d\u0430 \u0421\u0410\u0429<\/li>\n<li style=\"text-align: left;\">Aylin G\u0130RG\u0130N \u0414\u0438\u0440\u0435\u043a\u0442\u043e\u0440 \u043d\u0430 \u0441\u0435\u0441\u0442\u0440\u0438\u043d\u0441\u043a\u0438\u0442\u0435 \u0443\u0441\u043b\u0443\u0433\u0438<\/li>\n<li style=\"text-align: left;\">Sevilay TINAZ \u041e\u0442\u0433\u043e\u0432\u043e\u0440\u043d\u0438\u043a \u0437\u0430 \u0443\u043f\u0440\u0430\u0432\u043b\u0435\u043d\u0438\u0435\u0442\u043e \u043d\u0430 \u043a\u0430\u0447\u0435\u0441\u0442\u0432\u043e\u0442\u043e<\/li>\n<\/ul>\n<p>\n<\/div><\/div><\/div><\/div><div  class=\"bt_bb_column col-xxl-3 col-xl-3 col-xs-12 col-sm-12 col-md-12 col-lg-3 bt_bb_vertical_align_top bt_bb_align_left bt_bb_padding_normal\" style=\"; --column-width:3;\" data-width=\"3\" data-bt-override-class=\"{}\"><div class=\"bt_bb_column_content\"><div class=\"bt_bb_column_content_inner\"><\/div><\/div><\/div><\/div><\/div><\/div><!-- cell_inner --><\/div><!-- cell --><\/div><!-- port --><\/section><\/p>\n","protected":false},"excerpt":{"rendered":"","protected":false},"author":1,"featured_media":0,"parent":0,"menu_order":0,"comment_status":"closed","ping_status":"closed","template":"","meta":{"footnotes":""},"class_list":["post-8738","page","type-page","status-publish","hentry"],"_links":{"self":[{"href":"https:\/\/medikent.com.tr\/bg\/wp-json\/wp\/v2\/pages\/8738","targetHints":{"allow":["GET"]}}],"collection":[{"href":"https:\/\/medikent.com.tr\/bg\/wp-json\/wp\/v2\/pages"}],"about":[{"href":"https:\/\/medikent.com.tr\/bg\/wp-json\/wp\/v2\/types\/page"}],"author":[{"embeddable":true,"href":"https:\/\/medikent.com.tr\/bg\/wp-json\/wp\/v2\/users\/1"}],"replies":[{"embeddable":true,"href":"https:\/\/medikent.com.tr\/bg\/wp-json\/wp\/v2\/comments?post=8738"}],"version-history":[{"count":11,"href":"https:\/\/medikent.com.tr\/bg\/wp-json\/wp\/v2\/pages\/8738\/revisions"}],"predecessor-version":[{"id":14204,"href":"https:\/\/medikent.com.tr\/bg\/wp-json\/wp\/v2\/pages\/8738\/revisions\/14204"}],"wp:attachment":[{"href":"https:\/\/medikent.com.tr\/bg\/wp-json\/wp\/v2\/media?parent=8738"}],"curies":[{"name":"wp","href":"https:\/\/api.w.org\/{rel}","templated":true}]}}