{"id":9510,"date":"2024-01-15T18:56:47","date_gmt":"2024-01-15T15:56:47","guid":{"rendered":"https:\/\/medikent.com.tr\/%d1%81%d1%8a%d0%be%d0%b1%d1%89%d0%b5%d0%bd%d0%b8%d0%b5-%d0%b4%d0%be-%d0%b2%d0%b0%d1%88%d0%b8%d1%8f-%d0%b5-%d0%bf%d0%b0%d1%86%d0%b8%d0%b5%d0%bd%d1%82\/"},"modified":"2024-05-20T16:20:11","modified_gmt":"2024-05-20T13:20:11","slug":"%d1%81%d1%8a%d0%be%d0%b1%d1%89%d0%b5%d0%bd%d0%b8%d0%b5-%d0%b4%d0%be-%d0%b2%d0%b0%d1%88%d0%b8%d1%8f-%d0%b5-%d0%bf%d0%b0%d1%86%d0%b8%d0%b5%d0%bd%d1%82","status":"publish","type":"page","link":"https:\/\/medikent.com.tr\/bg\/%d1%81%d1%8a%d0%be%d0%b1%d1%89%d0%b5%d0%bd%d0%b8%d0%b5-%d0%b4%d0%be-%d0%b2%d0%b0%d1%88%d0%b8%d1%8f-%d0%b5-%d0%bf%d0%b0%d1%86%d0%b8%d0%b5%d0%bd%d1%82\/","title":{"rendered":"\u0421\u044a\u043e\u0431\u0449\u0435\u043d\u0438\u0435 \u0434\u043e \u0432\u0430\u0448\u0438\u044f \u0435-\u043f\u0430\u0446\u0438\u0435\u043d\u0442"},"content":{"rendered":"<p><section data-bb-version=\"4.6.1\" id=\"bt_bb_section69e39afab95fa\" class=\"bt_bb_section bt_bb_color_scheme_1 bt_bb_layout_boxed_1200 bt_bb_vertical_align_top bt_bb_top_spacing_extra_large bt_bb_bottom_spacing_large\" style=\"; --section-primary-color:#ffffff; --section-secondary-color:#1d1e21;\" data-bt-override-class=\"{&quot;bt_bb_top_spacing_&quot;:{&quot;current_class&quot;:&quot;bt_bb_top_spacing_extra_large&quot;,&quot;def&quot;:&quot;extra_large&quot;},&quot;bt_bb_bottom_spacing_&quot;:{&quot;current_class&quot;:&quot;bt_bb_bottom_spacing_large&quot;,&quot;def&quot;:&quot;large&quot;}}\"><div class=\"bt_bb_background_image_holder_wrapper\"><div class=\"bt_bb_background_image_holder btLazyLoadBackground bt_bb_parallax\"  data-background_image_src=\"https:\/\/medikent.com.tr\/wp-content\/uploads\/2023\/10\/background_footer_01.jpg\" data-parallax=\"0.6\" data-parallax-offset=\"0\" data-parallax-zoom-start=\"1\" data-parallax-zoom-end=\"1\" data-parallax-blur-start=\"0\" data-parallax-blur-end=\"0\" data-parallax-opacity-start=\"1\" data-parallax-opacity-end=\"1\" style=\" background-image: url(&#039;https:\/\/medikent.com.tr\/wp-content\/plugins\/bold-page-builder\/img\/blank.gif&#039;);\"><\/div><\/div><div class=\"bt_bb_port\"><div class=\"bt_bb_cell\"><div class=\"bt_bb_cell_inner\"><div class=\"bt_bb_row \"  data-bt-override-class=\"{}\"><div class=\"bt_bb_row_holder\" ><div  class=\"bt_bb_column col-xxl-6 col-xl-6 col-xs-12 col-sm-6 col-md-6 col-lg-6 bt_bb_vertical_align_bottom bt_bb_align_left bt_bb_padding_normal bt_bb_animation_fade_in animate\" style=\"; --column-width:6;\" data-width=\"6\" data-bt-override-class=\"{}\"><div class=\"bt_bb_column_content\"><div class=\"bt_bb_column_content_inner\"><header data-bb-version=\"4.7.6\" class=\"bt_bb_headline bt_bb_subheadline_text_transform_default bt_bb_dash_none bt_bb_size_extralarge bt_bb_align_inherit\" data-bt-override-class=\"{&quot;bt_bb_size_&quot;:{&quot;current_class&quot;:&quot;bt_bb_size_extralarge&quot;,&quot;def&quot;:&quot;extralarge&quot;},&quot;bt_bb_align_&quot;:{&quot;current_class&quot;:&quot;bt_bb_align_inherit&quot;,&quot;def&quot;:&quot;inherit&quot;}}\"><h1 class=\"bt_bb_headline_tag\"><span class=\"bt_bb_headline_content\"><span>\u0421\u044a\u043e\u0431\u0449\u0435\u043d\u0438\u0435 \u0434\u043e \u0432\u0430\u0448\u0438\u044f \u0435-\u043f\u0430\u0446\u0438\u0435\u043d\u0442<\/span><\/span><\/h1><\/header><\/div><\/div><\/div><div  class=\"bt_bb_column col-xxl-6 col-xl-6 col-xs-12 col-sm-6 col-md-6 col-lg-6 bt_bb_vertical_align_top bt_bb_align_left bt_bb_padding_normal\" style=\"; --column-width:6;\" data-width=\"6\" data-bt-override-class=\"{}\"><div class=\"bt_bb_column_content\"><div class=\"bt_bb_column_content_inner\"><\/div><\/div><\/div><\/div><\/div><\/div><!-- cell_inner --><\/div><!-- cell --><\/div><!-- port --><\/section><section id=\"bt_bb_section69e39afaba2ae\" class=\"bt_bb_section bt_bb_color_scheme_8 bt_bb_layout_wide bt_bb_vertical_align_top bt_bb_top_spacing_large bt_bb_bottom_spacing_medium\" style=\"; --section-primary-color:var(--alternate-color); --section-secondary-color:#ffffff;\" data-bt-override-class=\"null\"><div class=\"bt_bb_port\"><div class=\"bt_bb_cell\"><div class=\"bt_bb_cell_inner\"><div class=\"bt_bb_row \"  data-bt-override-class=\"{}\"><div class=\"bt_bb_row_holder\" ><div  class=\"bt_bb_column col-xxl-3 col-xl-3 col-xs-12 col-sm-12 col-md-12 col-lg-3 bt_bb_vertical_align_top bt_bb_align_left bt_bb_padding_normal\" style=\"; --column-width:3;\" data-width=\"3\" data-bt-override-class=\"{}\"><div class=\"bt_bb_column_content\"><div class=\"bt_bb_column_content_inner\"><\/div><\/div><\/div><div data-bb-version=\"4.7.6\"  class=\"bt_bb_column col-xxl-6 col-xl-6 col-xs-12 col-sm-12 col-md-12 col-lg-6 bt_bb_vertical_align_top bt_bb_align_left bt_bb_padding_normal bt_bb_animation_fade_in animate\" style=\"; --column-width:6;\" data-width=\"6\" data-bt-override-class=\"{&quot;bt_bb_align_&quot;:{&quot;current_class&quot;:&quot;bt_bb_align_left&quot;,&quot;def&quot;:&quot;left&quot;},&quot;bt_bb_padding_&quot;:{&quot;current_class&quot;:&quot;bt_bb_padding_normal&quot;,&quot;def&quot;:&quot;normal&quot;}}\"><div class=\"bt_bb_column_content\"><div class=\"bt_bb_column_content_inner\"><div data-bb-version=\"4.7.6\"  class=\"bt_bb_text\" ><\/p>\n<h5>\u041c\u043e\u0436\u0435\u0442\u0435 \u0434\u0430 \u0438\u0437\u043f\u0440\u0430\u0442\u0438\u0442\u0435 \u0441\u044a\u043e\u0431\u0449\u0435\u043d\u0438\u0435 \u0437\u0430 \u0441\u043a\u043e\u0440\u043e\u0448\u043d\u043e \u043e\u0437\u0434\u0440\u0430\u0432\u044f\u0432\u0430\u043d\u0435 \u043d\u0430 \u0432\u0430\u0448 \u043f\u0430\u0446\u0438\u0435\u043d\u0442 \u0432 \u043d\u0430\u0448\u0430\u0442\u0430 \u0431\u043e\u043b\u043d\u0438\u0446\u0430, \u043a\u0430\u0442\u043e \u043f\u043e\u043f\u044a\u043b\u043d\u0438\u0442\u0435 \u0444\u043e\u0440\u043c\u0443\u043b\u044f\u0440\u0430 \u043f\u043e-\u0434\u043e\u043b\u0443.<\/h5>\n<p><em>\u0418\u0441\u043a\u0430\u043d\u0435\u0442\u043e \u0432\u0438 \u0449\u0435 \u0431\u044a\u0434\u0435 \u043e\u0446\u0435\u043d\u0435\u043d\u043e \u0438 \u043f\u0430\u0446\u0438\u0435\u043d\u0442\u044a\u0442 \u0449\u0435 \u0431\u044a\u0434\u0435 \u0438\u043d\u0444\u043e\u0440\u043c\u0438\u0440\u0430\u043d \u0432\u044a\u0437\u043c\u043e\u0436\u043d\u043e \u043d\u0430\u0439-\u0441\u043a\u043e\u0440\u043e.<\/em><\/p>\n<p style=\"text-align: left;\">\n<style id=\"wpforms-css-vars-5938\">\n\t\t\t\t#wpforms-5938 {<\/p>\n<p>\t\t\t}\n\t\t\t<\/style>\n<div class=\"wpforms-container wpforms-container-full wpforms-render-modern\" id=\"wpforms-5938\">\n<form id=\"wpforms-form-5938\" class=\"wpforms-validate wpforms-form wpforms-ajax-form\" data-formid=\"5938\" method=\"post\" enctype=\"multipart\/form-data\" action=\"\/bg\/wp-json\/wp\/v2\/pages\/9510\" data-token=\"6674ea40c203ca38228d433552a8e9eb\" data-token-time=\"1776524026\"><noscript class=\"wpforms-error-noscript\">Please enable JavaScript in your browser to complete this form.<\/noscript><\/p>\n<div id=\"wpforms-error-noscript\" style=\"display: none;\">Please enable JavaScript in your browser to complete this form.<\/div>\n<div class=\"wpforms-field-container\">\n<div id=\"wpforms-5938-field_1-container\" class=\"wpforms-field wpforms-field-name\" data-field-id=\"1\">\n<fieldset>\n<legend class=\"wpforms-field-label\">Hastan\u0131z\u0131n Ad\u0131 Soyad\u0131 <span class=\"wpforms-required-label\" aria-hidden=\"true\">*<\/span><\/legend>\n<div class=\"wpforms-field-row wpforms-field-medium\">\n<div class=\"wpforms-field-row-block wpforms-first wpforms-one-half\"><input type=\"text\" id=\"wpforms-5938-field_1\" class=\"wpforms-field-name-first wpforms-field-required\" name=\"wpforms[fields][1][first]\" aria-errormessage=\"wpforms-5938-field_1-error\" required><label for=\"wpforms-5938-field_1\" class=\"wpforms-field-sublabel after\">Ad<\/label><\/div>\n<div class=\"wpforms-field-row-block wpforms-one-half\"><input type=\"text\" id=\"wpforms-5938-field_1-last\" class=\"wpforms-field-name-last wpforms-field-required\" name=\"wpforms[fields][1][last]\" aria-errormessage=\"wpforms-5938-field_1-last-error\" required><label for=\"wpforms-5938-field_1-last\" class=\"wpforms-field-sublabel after\">Soyad<\/label><\/div>\n<\/div>\n<\/fieldset>\n<\/div>\n<div id=\"wpforms-5938-field_2-container\" class=\"wpforms-field wpforms-field-number\" data-field-id=\"2\"><label class=\"wpforms-field-label\" for=\"wpforms-5938-field_2\">Biliyorsan\u0131z Oda Numaras\u0131<\/label><input type=\"number\" id=\"wpforms-5938-field_2\" class=\"wpforms-field-medium\" name=\"wpforms[fields][2]\" step=\"any\" aria-errormessage=\"wpforms-5938-field_2-error\" ><\/div>\n<div id=\"wpforms-5938-field_3-container\" class=\"wpforms-field wpforms-field-textarea\" data-field-id=\"3\"><label class=\"wpforms-field-label\" for=\"wpforms-5938-field_3\">Mesaj\u0131n\u0131z<\/label><textarea id=\"wpforms-5938-field_3\" class=\"wpforms-field-small\" name=\"wpforms[fields][3]\" aria-errormessage=\"wpforms-5938-field_3-error\" ><\/textarea><\/div>\n<div id=\"wpforms-5938-field_4-container\" class=\"wpforms-field wpforms-field-name\" data-field-id=\"4\">\n<fieldset>\n<legend class=\"wpforms-field-label\">Ad\u0131n\u0131z Soyad\u0131n\u0131z <span class=\"wpforms-required-label\" aria-hidden=\"true\">*<\/span><\/legend>\n<div class=\"wpforms-field-row wpforms-field-medium\">\n<div class=\"wpforms-field-row-block wpforms-first wpforms-one-half\"><input type=\"text\" id=\"wpforms-5938-field_4\" class=\"wpforms-field-name-first wpforms-field-required\" name=\"wpforms[fields][4][first]\" aria-errormessage=\"wpforms-5938-field_4-error\" required><label for=\"wpforms-5938-field_4\" class=\"wpforms-field-sublabel after\">Ad<\/label><\/div>\n<div class=\"wpforms-field-row-block wpforms-one-half\"><input type=\"text\" id=\"wpforms-5938-field_4-last\" class=\"wpforms-field-name-last wpforms-field-required\" name=\"wpforms[fields][4][last]\" aria-errormessage=\"wpforms-5938-field_4-last-error\" required><label for=\"wpforms-5938-field_4-last\" class=\"wpforms-field-sublabel after\">Soyad<\/label><\/div>\n<\/div>\n<\/fieldset>\n<\/div>\n<div id=\"wpforms-5938-field_5-container\" class=\"wpforms-field wpforms-field-email\" data-field-id=\"5\"><label class=\"wpforms-field-label\" for=\"wpforms-5938-field_5\">E-posta Adresiniz <span class=\"wpforms-required-label\" aria-hidden=\"true\">*<\/span><\/label><input type=\"email\" id=\"wpforms-5938-field_5\" class=\"wpforms-field-medium wpforms-field-required\" name=\"wpforms[fields][5]\" spellcheck=\"false\" aria-errormessage=\"wpforms-5938-field_5-error\" required><\/div>\n<div id=\"wpforms-5938-field_6-container\" class=\"wpforms-field wpforms-field-phone\" data-field-id=\"6\"><label class=\"wpforms-field-label\" for=\"wpforms-5938-field_6\">Cep Telefonunuz<\/label><input type=\"tel\" id=\"wpforms-5938-field_6\" class=\"wpforms-field-medium wpforms-smart-phone-field\" data-rule-smart-phone-field=\"true\" name=\"wpforms[fields][6]\" aria-label=\"Cep Telefonunuz\" aria-errormessage=\"wpforms-5938-field_6-error\" ><\/div>\n<\/div>\n<p><!-- .wpforms-field-container --><\/p>\n<div class=\"wpforms-recaptcha-container wpforms-is-hcaptcha\" >\n<div class=\"h-captcha\" data-sitekey=\"82a3ddb8-a744-442e-b475-c33ba8bf57ed\"><\/div>\n<p><input type=\"text\" name=\"g-recaptcha-hidden\" class=\"wpforms-recaptcha-hidden\" style=\"position:absolute!important;clip:rect(0,0,0,0)!important;height:1px!important;width:1px!important;border:0!important;overflow:hidden!important;padding:0!important;margin:0!important;\" data-rule-hcaptcha=\"1\"><\/div>\n<div class=\"wpforms-submit-container\" ><input type=\"hidden\" name=\"wpforms[id]\" value=\"5938\"><input type=\"hidden\" name=\"page_title\" value=\"\"><input type=\"hidden\" name=\"page_url\" value=\"https:\/\/medikent.com.tr\/bg\/wp-json\/wp\/v2\/pages\/9510\"><input type=\"hidden\" name=\"url_referer\" value=\"\"><button type=\"submit\" name=\"wpforms[submit]\" id=\"wpforms-submit-5938\" class=\"wpforms-submit\" data-alt-text=\"G\u00f6nderiliyor...\" data-submit-text=\"G\u00f6nder\" aria-live=\"assertive\" value=\"wpforms-submit\">G\u00f6nder<\/button><img loading=\"lazy\" decoding=\"async\" src=\"https:\/\/medikent.com.tr\/wp-content\/plugins\/wpforms\/assets\/images\/submit-spin.svg\" class=\"wpforms-submit-spinner\" style=\"display: none;\" width=\"26\" height=\"26\" alt=\"Loading\" title=\"\"><\/div>\n<\/form>\n<\/div>\n<p>  <!-- .wpforms-container --><\/p>\n<p>\n<\/div><\/div><\/div><\/div><div  class=\"bt_bb_column col-xxl-3 col-xl-3 col-xs-12 col-sm-12 col-md-12 col-lg-3 bt_bb_vertical_align_top bt_bb_align_left bt_bb_padding_normal\" style=\"; --column-width:3;\" data-width=\"3\" data-bt-override-class=\"{}\"><div class=\"bt_bb_column_content\"><div class=\"bt_bb_column_content_inner\"><\/div><\/div><\/div><\/div><\/div><\/div><!-- cell_inner --><\/div><!-- cell --><\/div><!-- port --><\/section><\/p>\n","protected":false},"excerpt":{"rendered":"","protected":false},"author":1,"featured_media":0,"parent":0,"menu_order":0,"comment_status":"closed","ping_status":"closed","template":"","meta":{"footnotes":""},"class_list":["post-9510","page","type-page","status-publish","hentry"],"_links":{"self":[{"href":"https:\/\/medikent.com.tr\/bg\/wp-json\/wp\/v2\/pages\/9510","targetHints":{"allow":["GET"]}}],"collection":[{"href":"https:\/\/medikent.com.tr\/bg\/wp-json\/wp\/v2\/pages"}],"about":[{"href":"https:\/\/medikent.com.tr\/bg\/wp-json\/wp\/v2\/types\/page"}],"author":[{"embeddable":true,"href":"https:\/\/medikent.com.tr\/bg\/wp-json\/wp\/v2\/users\/1"}],"replies":[{"embeddable":true,"href":"https:\/\/medikent.com.tr\/bg\/wp-json\/wp\/v2\/comments?post=9510"}],"version-history":[{"count":0,"href":"https:\/\/medikent.com.tr\/bg\/wp-json\/wp\/v2\/pages\/9510\/revisions"}],"wp:attachment":[{"href":"https:\/\/medikent.com.tr\/bg\/wp-json\/wp\/v2\/media?parent=9510"}],"curies":[{"name":"wp","href":"https:\/\/api.w.org\/{rel}","templated":true}]}}