{"id":10052,"date":"2023-10-02T22:50:32","date_gmt":"2023-10-02T19:50:32","guid":{"rendered":"https:\/\/medikent.com.tr\/op-prof-dr-ibrahim-karamanoglu\/"},"modified":"2025-12-12T02:10:24","modified_gmt":"2025-12-11T23:10:24","slug":"op-dr-ibrahim-karamanoglu","status":"publish","type":"page","link":"https:\/\/medikent.com.tr\/en\/op-dr-ibrahim-karamanoglu\/","title":{"rendered":"Op.Dr. \u0130brahim KARAMANO\u011eLU"},"content":{"rendered":"<p><section id=\"bt_bb_section69e4a8a238c2d\" class=\"bt_bb_section bt_bb_color_scheme_1 bt_bb_layout_boxed_1200 bt_bb_vertical_align_top bt_bb_top_spacing_large bt_bb_bottom_spacing_medium\" style=\"; --section-primary-color:#ffffff; --section-secondary-color:#1d1e21;\" data-bt-override-class=\"null\"><div class=\"bt_bb_background_image_holder_wrapper\"><div class=\"bt_bb_background_image_holder btLazyLoadBackground bt_bb_parallax\"  data-background_image_src=\"https:\/\/medikent.com.tr\/wp-content\/uploads\/2023\/09\/hero_DrCV.jpg\" data-parallax=\"0.6\" data-parallax-offset=\"0\" data-parallax-zoom-start=\"1\" data-parallax-zoom-end=\"1\" data-parallax-blur-start=\"0\" data-parallax-blur-end=\"0\" data-parallax-opacity-start=\"1\" data-parallax-opacity-end=\"1\" style=\" background-image: url(&#039;https:\/\/medikent.com.tr\/wp-content\/plugins\/bold-page-builder\/img\/blank.gif&#039;);\"><\/div><\/div><div class=\"bt_bb_port\"><div class=\"bt_bb_cell\"><div class=\"bt_bb_cell_inner\"><div class=\"bt_bb_row \"  data-bt-override-class=\"{}\"><div class=\"bt_bb_row_holder\" ><div  class=\"bt_bb_column col-xxl-6 col-xl-6 col-xs-12 col-sm-12 col-md-7 col-lg-6 bt_bb_vertical_align_top bt_bb_align_left bt_bb_padding_normal bt_bb_animation_fade_in animate\" style=\"; --column-width:6;\" data-width=\"6\" data-bt-override-class=\"{&quot;bt_bb_align_&quot;:{&quot;current_class&quot;:&quot;bt_bb_align_left&quot;,&quot;def&quot;:&quot;left&quot;,&quot;xl&quot;:&quot;left&quot;}}\"><div class=\"bt_bb_column_content\"><div class=\"bt_bb_column_content_inner\"><div class=\"bt_bb_separator bt_bb_border_style_none bt_bb_bottom_spacing_medium bt_bb_hidden_xs bt_bb_hidden_ms bt_bb_hidden_sm\" data-bt-override-class=\"null\"><\/div><header data-bb-version=\"5.5.7\" class=\"bt_bb_headline bt_bb_dash_none bt_bb_size_extralarge bt_bb_align_inherit\" data-bt-override-class=\"{&quot;bt_bb_size_&quot;:{&quot;current_class&quot;:&quot;bt_bb_size_extralarge&quot;,&quot;def&quot;:&quot;extralarge&quot;},&quot;bt_bb_align_&quot;:{&quot;current_class&quot;:&quot;bt_bb_align_inherit&quot;,&quot;def&quot;:&quot;inherit&quot;,&quot;xl&quot;:&quot;inherit&quot;}}\"><h1 class=\"bt_bb_headline_tag\"><span class=\"bt_bb_headline_content\"><span>Op. Dr. \u0130brahim KARAMANO\u011eLU<\/span><\/span><\/h1><\/header><div class=\"bt_bb_separator bt_bb_border_style_none bt_bb_bottom_spacing_medium\" data-bt-override-class=\"null\"><\/div><div class=\" bt_bb_row_inner\"   data-bt-override-class=\"{}\"><div class=\"bt_bb_row_inner_holder\"  ><div  class=\"bt_bb_column_inner col-xxl-6 col-xl-6 col-xs-12 col-sm-12 col-md-6 col-lg-6 bt_bb_vertical_align_top bt_bb_align_left bt_bb_padding_normal bt_bb_right_border bt_bb_border_style_light bt_bb_border_position_inner\"  data-width=\"6\" data-bt-override-class=\"{&quot;bt_bb_align_&quot;:{&quot;current_class&quot;:&quot;bt_bb_align_left&quot;,&quot;def&quot;:&quot;left&quot;,&quot;xl&quot;:&quot;left&quot;}}\"><div class=\"bt_bb_column_inner_content\"><div class=\"bt_bb_column_inner_content_inner\"><div  class=\"bt_bb_text\" ><\/p>\n<p>Contact<\/p>\n<p>\n<\/div><div class=\"bt_bb_separator bt_bb_border_style_none bt_bb_top_spacing_extra_small\" data-bt-override-class=\"null\"><\/div><div class=\"bt_bb_icon bt_bb_color_scheme_10 bt_bb_style_borderless bt_bb_size_large bt_bb_shape_circle bt_bb_target_self bt_bb_align_inherit bt_bb_text_color_scheme_10\" style=\"; --primary-color:#ffffff; --secondary-color:var(--alternate-color);; --text-primary-color:#ffffff; --text-secondary-color:var(--alternate-color);\" data-bt-override-class=\"{&quot;bt_bb_size_&quot;:{&quot;current_class&quot;:&quot;bt_bb_size_large&quot;,&quot;def&quot;:&quot;large&quot;,&quot;xl&quot;:&quot;large&quot;},&quot;bt_bb_align_&quot;:{&quot;current_class&quot;:&quot;bt_bb_align_inherit&quot;,&quot;def&quot;:&quot;inherit&quot;,&quot;xl&quot;:&quot;inherit&quot;}}\"><a href=\"https:\/\/medikent.com.tr\/en\/contact\/\"  target=\"_self\"  title=\"444 59 39\"  data-ico-remixiconsdevice=\"&#xe951;\" class=\"bt_bb_icon_holder\"><span>444 59 39<\/span><\/a><\/div><\/div><\/div><\/div><div  class=\"bt_bb_column_inner col-xxl-6 col-xl-6 col-xs-12 col-sm-12 col-md-6 col-lg-6 bt_bb_vertical_align_middle bt_bb_align_left bt_bb_padding_normal\"  data-width=\"6\" data-bt-override-class=\"{&quot;bt_bb_align_&quot;:{&quot;current_class&quot;:&quot;bt_bb_align_left&quot;,&quot;def&quot;:&quot;left&quot;,&quot;xl&quot;:&quot;left&quot;}}\"><div class=\"bt_bb_column_inner_content\"><div class=\"bt_bb_column_inner_content_inner\"><div  class=\"bt_bb_text\" ><\/p>\n<p>E-appointment<\/p>\n<p>\n<\/div><div class=\"bt_bb_separator bt_bb_border_style_none bt_bb_top_spacing_extra_small\" data-bt-override-class=\"null\"><\/div><div class=\"bt_bb_icon bt_bb_color_scheme_10 bt_bb_style_borderless bt_bb_size_large bt_bb_shape_circle bt_bb_target_self bt_bb_align_inherit bt_bb_text_color_scheme_10\" style=\"; --primary-color:#ffffff; --secondary-color:var(--alternate-color);; --text-primary-color:#ffffff; --text-secondary-color:var(--alternate-color);\" data-bt-override-class=\"{&quot;bt_bb_size_&quot;:{&quot;current_class&quot;:&quot;bt_bb_size_large&quot;,&quot;def&quot;:&quot;large&quot;,&quot;xl&quot;:&quot;large&quot;},&quot;bt_bb_align_&quot;:{&quot;current_class&quot;:&quot;bt_bb_align_inherit&quot;,&quot;def&quot;:&quot;inherit&quot;,&quot;xl&quot;:&quot;inherit&quot;}}\"><a href=\"https:\/\/www.medisoftweb.com\/doktor\/medikent-hastanesi_522_kirklareli-genel-cerrahi-op-dr-ibrahim-karamanoglu\" target=\"_self\" title=\"Make an Appointment\" data-ico-remixiconsbusiness=\"&#xe92d;\" class=\"bt_bb_icon_holder\" rel=\"noopener\"><span>Make an Appointment<\/span><\/a><\/div><div class=\"bt_bb_separator bt_bb_border_style_none bt_bb_bottom_spacing_normal bt_bb_hidden_sm bt_bb_hidden_md bt_bb_hidden_lg\" data-bt-override-class=\"null\"><\/div><\/div><\/div><\/div><\/div><\/div><\/div><\/div><\/div><div  class=\"bt_bb_column col-xxl-6 col-xl-6 col-xs-12 col-sm-12 col-md-5 col-lg-6 bt_bb_vertical_align_top bt_bb_align_left bt_bb_padding_normal\" style=\"; --column-width:6;\" data-width=\"6\" data-bt-override-class=\"{}\"><div class=\"bt_bb_column_content\"><div class=\"bt_bb_column_content_inner\"><\/div><\/div><\/div><\/div><\/div><\/div><!-- cell_inner --><\/div><!-- cell --><\/div><!-- port --><\/section><section id=\"bt_bb_section69e4a8a23b625\" class=\"bt_bb_section bt_bb_color_scheme_8 bt_bb_layout_wide bt_bb_vertical_align_top\" style=\"; --section-primary-color:var(--alternate-color); --section-secondary-color:#ffffff;\" data-bt-override-class=\"null\"><div class=\"bt_bb_background_image_holder_wrapper\"><div class=\"bt_bb_background_image_holder btLazyLoadBackground bt_bb_parallax\"  data-background_image_src=\"https:\/\/medikent.com.tr\/wp-content\/uploads\/2023\/09\/background_03.jpg\" data-parallax=\"0.6\" data-parallax-offset=\"0\" data-parallax-zoom-start=\"1\" data-parallax-zoom-end=\"1\" data-parallax-blur-start=\"0\" data-parallax-blur-end=\"0\" data-parallax-opacity-start=\"1\" data-parallax-opacity-end=\"1\" style=\" background-image: url(&#039;https:\/\/medikent.com.tr\/wp-content\/plugins\/bold-page-builder\/img\/blank.gif&#039;);\"><\/div><\/div><div class=\"bt_bb_port\"><div class=\"bt_bb_cell\"><div class=\"bt_bb_cell_inner\"><div class=\"bt_bb_row bt_bb_row_push_right bt_bb_content_wide bt_bb_row_width_boxed_1200 bt_bb_row_width_boxed  bt_bb_column_gap_0\" style=\"; --column-gap:0px;\" data-bt-override-class=\"{}\"><div class=\"bt_bb_row_holder\" ><div  class=\"bt_bb_column col-xxl-7 col-xl-7 col-xs-12 col-sm-12 col-md-12 col-lg-7 bt_bb_vertical_align_middle bt_bb_align_left bt_bb_padding_normal bt_bb_animation_fade_in animate\" style=\"; --column-width:7;\" data-width=\"7\" data-bt-override-class=\"{&quot;bt_bb_align_&quot;:{&quot;current_class&quot;:&quot;bt_bb_align_left&quot;,&quot;def&quot;:&quot;left&quot;,&quot;xl&quot;:&quot;left&quot;}}\"><div class=\"bt_bb_column_content\"><div class=\"bt_bb_column_content_inner\"><div class=\"bt_bb_separator bt_bb_border_style_none bt_bb_bottom_spacing_large\" data-bt-override-class=\"null\"><\/div><header data-bb-version=\"5.5.7\" class=\"bt_bb_headline bt_bb_dash_none bt_bb_subheadline bt_bb_size_large bt_bb_align_inherit\" data-bt-override-class=\"{&quot;bt_bb_size_&quot;:{&quot;current_class&quot;:&quot;bt_bb_size_large&quot;,&quot;def&quot;:&quot;large&quot;,&quot;xl&quot;:&quot;large&quot;},&quot;bt_bb_align_&quot;:{&quot;current_class&quot;:&quot;bt_bb_align_inherit&quot;,&quot;def&quot;:&quot;inherit&quot;,&quot;xl&quot;:&quot;inherit&quot;}}\"><h2 class=\"bt_bb_headline_tag\"><span class=\"bt_bb_headline_content\"><span>Op. Dr. \u0130brahim KARAMANO\u011eLU<\/span><\/span><\/h2><div class=\"bt_bb_headline_subheadline\">General Surgery<\/div><\/header><div class=\"bt_bb_separator bt_bb_border_style_none bt_bb_bottom_spacing_normal\" data-bt-override-class=\"null\"><\/div><div class=\" bt_bb_row_inner\"   data-bt-override-class=\"{}\"><div class=\"bt_bb_row_inner_holder\"  ><div  class=\"bt_bb_column_inner col-xxl-6 col-xl-6 col-xs-12 col-sm-12 col-md-12 col-lg-6 bt_bb_vertical_align_top bt_bb_align_left bt_bb_padding_normal\"  data-width=\"6\" data-bt-override-class=\"{}\"><div class=\"bt_bb_column_inner_content\"><div class=\"bt_bb_column_inner_content_inner\"><div  class=\"bt_bb_text bt_bb_font_size_14\" ><\/p>\n<p>He was born in Greece. He completed his high school education at Edirne Science High School, his medical education at Ege University Faculty of Medicine, and his specialty education at Eski\u015fehir TCDD Training and Research Hospital. Specialization in General Surgery at Eskisehir TCDD Training and Research Hospital, Eskisehir for 3 years, Ankara Numune Hospital Surgery Clinic for 1 year, Ankara High Specialization Hospital (Gastroenterological Surgery Prof. Dr. Ne\u015fet G\u00f6kok) for 6 months, Kayseri B\u00fcnyan State Hospital Chief Physician General Surgery Specialist (Compulsory service), Edirne SSK Regional Hospital Chief Physician (5 years) Chief Physician Assist. (10 years), Edirne Private Trakya Hospital General Surgery Specialist (Responsible Manager) General Surgery Specialist, Tokat GOP University General Surgery Department, Gastroenterology Unit General Surgery Specialist (Endoscopy Training Course) and Private Medikent Hospital. Topics of interest and expertise; Laparoscopic Gallbladder and Hernia Surgery, Thyroid Surgery and Neck Dissection, Breast and MKC, Gastroenterology Surgery, Oncologic and Proctologic Surgery.<\/p>\n<p>\n<\/div><div class=\"bt_bb_separator bt_bb_border_style_none bt_bb_bottom_spacing_normal bt_bb_hidden_md bt_bb_hidden_lg\" data-bt-override-class=\"null\"><\/div><\/div><\/div><\/div><div  class=\"bt_bb_column_inner col-xxl-6 col-xl-6 col-xs-12 col-sm-12 col-md-12 col-lg-6 bt_bb_vertical_align_top bt_bb_align_left bt_bb_padding_normal\"  data-width=\"6\" data-bt-override-class=\"{}\"><div class=\"bt_bb_column_inner_content\"><div class=\"bt_bb_column_inner_content_inner\"><div  class=\"bt_bb_text\" ><\/p>\n<p>Topics of interest and expertise; Laparoscopic Gallbladder and Hernia Surgery, Thyroid Surgery and Neck Dissection, Breast and MKC, Gastroenterology Surgery, Oncologic and Proctologic Surgery.<\/p>\n<p>\n<\/div><div class=\"bt_bb_separator bt_bb_border_style_none bt_bb_bottom_spacing_normal\" data-bt-override-class=\"null\"><\/div><div class=\"bt_bb_separator bt_bb_border_style_none bt_bb_bottom_spacing_extra_small\" data-bt-override-class=\"null\"><\/div><div  class=\"bt_bb_text bt_bb_font_size_14\" ><\/p>\n<p><b>Op.Dr. \u0130brahim KARAMANO\u011eLU<br \/><\/b>General Surgery<\/p>\n<div class=\"resimler-linkler\">\n<div class=\"resimler\">\n<div id=\"orta-carousel\">\u00a0<\/div>\n<\/div>\n<\/div>\n<p>\n<\/div><\/div><\/div><\/div><\/div><\/div><div class=\"bt_bb_separator bt_bb_border_style_none bt_bb_bottom_spacing_medium\" data-bt-override-class=\"null\"><\/div><div class=\"bt_bb_separator bt_bb_border_style_none bt_bb_bottom_spacing_large\" data-bt-override-class=\"null\"><\/div><\/div><\/div><\/div><div  class=\"bt_bb_column col-xxl-1 col-xl-1 col-xs-12 col-sm-12 col-md-12 col-lg-1 bt_bb_vertical_align_top bt_bb_align_left bt_bb_padding_normal\" style=\"; --column-width:1;\" data-width=\"1\" data-bt-override-class=\"{}\"><div class=\"bt_bb_column_content\"><div class=\"bt_bb_column_content_inner\"><\/div><\/div><\/div><div  class=\"bt_bb_column col-xxl-4 col-xl-4 col-xs-12 col-sm-12 col-md-12 col-lg-4 bt_bb_vertical_align_top bt_bb_align_left btLazyLoadBackground bt_bb_column_background_image bt_bb_padding_normal bt_bb_animation_fade_in animate bt_bb_shape_soft-rounded bt_bb_bottom_left_shape\" style=\"background-image:url(&#039;https:\/\/medikent.com.tr\/wp-content\/plugins\/bold-page-builder\/img\/blank.gif&#039;);; --column-width:4;\" data-background_image_src='https:\/\/medikent.com.tr\/wp-content\/uploads\/2024\/01\/TNC07085-copy-scaled.jpg' data-width=\"4\" data-bt-override-class=\"{&quot;bt_bb_align_&quot;:{&quot;current_class&quot;:&quot;bt_bb_align_left&quot;,&quot;def&quot;:&quot;left&quot;,&quot;xl&quot;:&quot;left&quot;}}\"><div class=\"bt_bb_column_content\"><div class=\"bt_bb_column_content_inner\"><\/div><\/div><\/div><\/div><\/div><div class=\"bt_bb_row \"  data-bt-override-class=\"{}\"><div class=\"bt_bb_row_holder\" ><div  class=\"bt_bb_column col-xxl-12 col-xl-12 col-xs-12 col-sm-12 col-md-12 col-lg-12 bt_bb_vertical_align_top bt_bb_align_left bt_bb_padding_normal\" style=\"; --column-width:12;\" data-width=\"12\" data-bt-override-class=\"{}\"><div class=\"bt_bb_column_content\"><div class=\"bt_bb_column_content_inner\"><div class=\"bt_bb_separator bt_bb_border_style_none bt_bb_bottom_spacing_90 bt_bb_hidden_xs bt_bb_hidden_ms bt_bb_hidden_sm\" data-bt-override-class=\"null\"><\/div><\/div><\/div><\/div><\/div><\/div><div class=\"bt_bb_row bt_bb_row_push_left bt_bb_content_wide bt_bb_row_width_boxed_1200 bt_bb_row_width_boxed  bt_bb_column_gap_0\" style=\"background: linear-gradient( 180deg, rgba(255,255,255,0) 0%, rgba(255,255,255,0.8) 15%, rgba(255,255,255,1) 100%);; --column-gap:0px;\" data-bt-override-class=\"{}\"><div class=\"bt_bb_row_holder\" ><div  class=\"bt_bb_column col-xxl-4 col-xl-4 col-xs-12 col-sm-12 col-md-12 col-lg-4 bt_bb_vertical_align_top bt_bb_align_left bt_bb_order_md_2 bt_bb_order_sm_2 bt_bb_order_xs_2 btLazyLoadBackground bt_bb_column_background_image bt_bb_padding_normal bt_bb_animation_fade_in animate bt_bb_shape_soft-rounded bt_bb_top_right_shape bt_bb_bottom_right_shape\" style=\"background-image:url(&#039;https:\/\/medikent.com.tr\/wp-content\/plugins\/bold-page-builder\/img\/blank.gif&#039;);; --column-width:4;\" data-background_image_src='https:\/\/medikent.com.tr\/wp-content\/uploads\/2024\/01\/TNC07083-copy-scaled.jpg' data-width=\"4\" data-bt-override-class=\"{&quot;bt_bb_align_&quot;:{&quot;current_class&quot;:&quot;bt_bb_align_left&quot;,&quot;def&quot;:&quot;left&quot;,&quot;xl&quot;:&quot;left&quot;}}\"><div class=\"bt_bb_column_content\"><div class=\"bt_bb_column_content_inner\"><\/div><\/div><\/div><div  class=\"bt_bb_column col-xxl-1 col-xl-1 col-xs-12 col-sm-12 col-md-12 col-lg-1 bt_bb_vertical_align_top bt_bb_align_left bt_bb_padding_normal\" style=\"; --column-width:1;\" data-width=\"1\" data-bt-override-class=\"{}\"><div class=\"bt_bb_column_content\"><div class=\"bt_bb_column_content_inner\"><\/div><\/div><\/div><div  class=\"bt_bb_column col-xxl-7 col-xl-7 col-xs-12 col-sm-12 col-md-12 col-lg-7 bt_bb_vertical_align_top bt_bb_align_left bt_bb_padding_normal bt_bb_animation_fade_in animate\" style=\"; --column-width:7;\" data-width=\"7\" data-bt-override-class=\"{&quot;bt_bb_align_&quot;:{&quot;current_class&quot;:&quot;bt_bb_align_left&quot;,&quot;def&quot;:&quot;left&quot;,&quot;xl&quot;:&quot;left&quot;}}\"><div class=\"bt_bb_column_content\"><div class=\"bt_bb_column_content_inner\"><div class=\"bt_bb_separator bt_bb_border_style_none bt_bb_bottom_spacing_large\" data-bt-override-class=\"null\"><\/div><header class=\"bt_bb_headline bt_bb_dash_none bt_bb_size_normal bt_bb_align_inherit\" data-bt-override-class=\"{&quot;bt_bb_size_&quot;:{&quot;current_class&quot;:&quot;bt_bb_size_normal&quot;,&quot;def&quot;:&quot;normal&quot;,&quot;xl&quot;:&quot;normal&quot;},&quot;bt_bb_align_&quot;:{&quot;current_class&quot;:&quot;bt_bb_align_inherit&quot;,&quot;def&quot;:&quot;inherit&quot;,&quot;xl&quot;:&quot;inherit&quot;}}\"><h2 class=\"bt_bb_headline_tag\"><span class=\"bt_bb_headline_content\"><span>Detailed information<\/span><\/span><\/h2><\/header><div class=\"bt_bb_separator bt_bb_border_style_none bt_bb_bottom_spacing_normal\" data-bt-override-class=\"null\"><\/div><div class=\"bt_bb_accordion bt_bb_color_scheme_12 bt_bb_style_simple bt_bb_shape_square bt_bb_style_simple\" style=\"; --accordion-primary-color:var(--alternate-color); --accordion-secondary-color:var(--accent-color);\" data-closed=closed><div class=\"bt_bb_accordion_item\"><div class=\"bt_bb_accordion_item_title\">Education<\/div><div class=\"bt_bb_accordion_item_content\"><div  class=\"bt_bb_text\" ><\/p>\n<div><strong>Edirne Science High School<\/strong> 1970<br \/><strong>Ege University Faculty of Medicine<\/strong> 1976<br \/><strong>Eskisehir TCDD Training and Research Hospital<\/strong> 1982<\/div>\n<div><\/div>\n<p>\n<\/div><\/div><\/div><div class=\"bt_bb_accordion_item\"><div class=\"bt_bb_accordion_item_title\">Working Organizations<\/div><div class=\"bt_bb_accordion_item_content\"><div  class=\"bt_bb_text\" ><\/p>\n<div><strong>Tokat GOP University General Surgery Department<br \/>Gastroenterology Unit General Surgery Specialist<br \/>(Endoscopy Training Course)<\/strong> 10.10.2012- 10.01.2013<\/div>\n<div><\/div>\n<div><strong>Edirne Private Trakya Hospital General Surgery Specialist<\/strong><\/div>\n<div><strong>Responsible Manager<\/strong> 01.01.2008 \u2013 01.10.2012<\/div>\n<div><\/div>\n<div><strong>Edirne SSK Regional Hospital Chief Physician (5 Years)<\/strong><br \/><strong>Chief Physician Asst. (10 years)  <\/strong><br \/><strong>General Surgery Specialist<\/strong> 01.03.1985 \u2013 01.01.2008<\/div>\n<div><\/div>\n<div><strong>Kayseri B\u00fcnyan State Hospital Chief Physician<\/strong><\/div>\n<div><strong>General Surgery Specialist<\/strong> <em>(compulsory service)<\/em> 01.03.1982 \u2013 01.03.1985<\/div>\n<div><\/div>\n<div><strong>Eskisehir TCDD Training and Research Hospital<\/strong><br \/><strong>General Surgery Residency 3 years Eskisehir,<\/strong><br \/><strong>1 year Ankara Numune Hospital Surgery Clinic,  <\/strong><\/div>\n<div><strong>6 months Ankara High Specialization Hospital<\/strong><br \/><strong>(Gastroenterological Surgery Prof. Dr. Ne\u015fet G\u00f6kok)<\/strong> 01.01.1978 \u2013 01.03.1982<\/div>\n<p>\n<\/div><\/div><\/div><div class=\"bt_bb_accordion_item\"><div class=\"bt_bb_accordion_item_title\">Contact<\/div><div class=\"bt_bb_accordion_item_content\"><div  class=\"bt_bb_text\" ><\/p>\n<p><strong>ibrahim.karamanoglu@medikent.com.tr<\/strong><\/p>\n<p>\n<\/div><\/div><\/div><div class=\"bt_bb_accordion_item\"><div class=\"bt_bb_accordion_item_title\">Other Information<\/div><div class=\"bt_bb_accordion_item_content\"><div  class=\"bt_bb_text\" ><\/p>\n<p><strong>Place of Birth<\/strong><br \/>\nGreece<\/p>\n<p><strong>Date of Birth<\/strong><br \/>\naa.bb.cccc<\/p>\n<p><strong>Marital Status<\/strong><br \/>\nMarried<\/p>\n<p><strong>Foreign Language<\/strong><br \/>\nEnglish<\/p>\n<p>\n<\/div><\/div><\/div><\/div><div class=\"bt_bb_separator bt_bb_border_style_none bt_bb_bottom_spacing_normal\" data-bt-override-class=\"null\"><\/div><div class=\" bt_bb_row_inner bt_bb_shape_soft-rounded\"   data-bt-override-class=\"{}\"><div class=\"bt_bb_row_inner_holder\"  ><div  class=\"bt_bb_column_inner col-xxl-12 col-xl-12 col-xs-12 col-sm-12 col-md-12 col-lg-12 bt_bb_vertical_align_top bt_bb_align_center bt_bb_column_background_image bt_bb_padding_normal\"  data-width=\"12\" data-bt-override-class=\"{&quot;bt_bb_align_&quot;:{&quot;current_class&quot;:&quot;bt_bb_align_center&quot;,&quot;def&quot;:&quot;center&quot;,&quot;xl&quot;:&quot;center&quot;}}\"><div class=\"bt_bb_column_inner_content\"><div class=\"bt_bb_column_inner_content_inner\"><div class=\"bt_bb_separator bt_bb_border_style_none bt_bb_bottom_spacing_normal\" data-bt-override-class=\"null\"><\/div><div class=\"bt_bb_icon bt_bb_color_scheme_10 bt_bb_style_borderless bt_bb_size_large bt_bb_shape_circle bt_bb_target_self bt_bb_align_inherit bt_bb_text_color_scheme_10 bt_bb_text_size_normal\" style=\"; --primary-color:#ffffff; --secondary-color:var(--alternate-color);; --text-primary-color:#ffffff; --text-secondary-color:var(--alternate-color);\" data-bt-override-class=\"{&quot;bt_bb_size_&quot;:{&quot;current_class&quot;:&quot;bt_bb_size_large&quot;,&quot;def&quot;:&quot;large&quot;,&quot;xl&quot;:&quot;large&quot;},&quot;bt_bb_align_&quot;:{&quot;current_class&quot;:&quot;bt_bb_align_inherit&quot;,&quot;def&quot;:&quot;inherit&quot;,&quot;xl&quot;:&quot;inherit&quot;}}\"><a href=\"https:\/\/medikent.com.tr\/en\/contact\/\" target=\"_self\" title=\"Make an Appointment with Dr Bowman\" data-ico-remixiconsbusiness=\"&#xe92c;\" class=\"bt_bb_icon_holder\"><span>Make an Appointment with Dr Bowman<\/span><\/a><\/div><div class=\"bt_bb_separator bt_bb_border_style_none bt_bb_bottom_spacing_normal\" data-bt-override-class=\"null\"><\/div><\/div><\/div><\/div><\/div><\/div><div class=\"bt_bb_separator bt_bb_border_style_none bt_bb_bottom_spacing_large\" data-bt-override-class=\"null\"><\/div><\/div><\/div><\/div><\/div><\/div><\/div><!-- cell_inner --><\/div><!-- cell --><\/div><!-- port --><\/section><section id=\"bt_bb_section69e4a8a23ffe3\" class=\"bt_bb_section bt_bb_layout_boxed_1200\"  data-bt-override-class=\"null\"><div class=\"bt_bb_port\"><div class=\"bt_bb_cell\"><div class=\"bt_bb_cell_inner\"><div class=\"bt_bb_row \"  data-bt-override-class=\"{}\"><div class=\"bt_bb_row_holder\" ><div  class=\"bt_bb_column col-xxl-12 col-xl-12 col-xs-12 col-sm-12 col-md-12 col-lg-12 bt_bb_vertical_align_top bt_bb_align_left bt_bb_padding_normal\" style=\"; --column-width:12;\" data-width=\"12\" data-bt-override-class=\"{}\"><div class=\"bt_bb_column_content\"><div class=\"bt_bb_column_content_inner\"><div class=\"bt_bb_separator bt_bb_border_style_none bt_bb_bottom_spacing_medium bt_bb_hidden_xs bt_bb_hidden_ms bt_bb_hidden_sm\" data-bt-override-class=\"null\"><\/div><\/div><\/div><\/div><\/div><\/div><\/div><!-- cell_inner --><\/div><!-- cell --><\/div><!-- port --><\/section><section id=\"bt_bb_section69e4a8a24046c\" class=\"bt_bb_section bt_bb_layout_boxed_1200\"  data-bt-override-class=\"null\"><div class=\"bt_bb_port\"><div class=\"bt_bb_cell\"><div class=\"bt_bb_cell_inner\"><div class=\"bt_bb_row \"  data-bt-override-class=\"{}\"><div class=\"bt_bb_row_holder\" ><div  class=\"bt_bb_column col-xxl-12 col-xl-12 col-xs-12 col-sm-12 col-md-12 col-lg-12 bt_bb_vertical_align_top bt_bb_align_left bt_bb_padding_normal\" style=\"; --column-width:12;\" data-width=\"12\" data-bt-override-class=\"{}\"><div class=\"bt_bb_column_content\"><div class=\"bt_bb_column_content_inner\"><div class=\"bt_bb_separator bt_bb_border_style_none bt_bb_bottom_spacing_medium bt_bb_hidden_xs bt_bb_hidden_ms bt_bb_hidden_sm\" data-bt-override-class=\"null\"><\/div><\/div><\/div><\/div><\/div><\/div><\/div><!-- cell_inner --><\/div><!-- cell --><\/div><!-- port --><\/section><\/p>\n","protected":false},"excerpt":{"rendered":"","protected":false},"author":1,"featured_media":0,"parent":0,"menu_order":0,"comment_status":"closed","ping_status":"closed","template":"","meta":{"footnotes":""},"class_list":["post-10052","page","type-page","status-publish","hentry"],"_links":{"self":[{"href":"https:\/\/medikent.com.tr\/en\/wp-json\/wp\/v2\/pages\/10052","targetHints":{"allow":["GET"]}}],"collection":[{"href":"https:\/\/medikent.com.tr\/en\/wp-json\/wp\/v2\/pages"}],"about":[{"href":"https:\/\/medikent.com.tr\/en\/wp-json\/wp\/v2\/types\/page"}],"author":[{"embeddable":true,"href":"https:\/\/medikent.com.tr\/en\/wp-json\/wp\/v2\/users\/1"}],"replies":[{"embeddable":true,"href":"https:\/\/medikent.com.tr\/en\/wp-json\/wp\/v2\/comments?post=10052"}],"version-history":[{"count":2,"href":"https:\/\/medikent.com.tr\/en\/wp-json\/wp\/v2\/pages\/10052\/revisions"}],"predecessor-version":[{"id":14434,"href":"https:\/\/medikent.com.tr\/en\/wp-json\/wp\/v2\/pages\/10052\/revisions\/14434"}],"wp:attachment":[{"href":"https:\/\/medikent.com.tr\/en\/wp-json\/wp\/v2\/media?parent=10052"}],"curies":[{"name":"wp","href":"https:\/\/api.w.org\/{rel}","templated":true}]}}