{"id":7911,"date":"2018-09-19T10:26:01","date_gmt":"2018-09-19T07:26:01","guid":{"rendered":"https:\/\/medikent.com.tr\/elements\/blog-layouts\/"},"modified":"2024-05-20T14:11:06","modified_gmt":"2024-05-20T11:11:06","slug":"blog-layouts","status":"publish","type":"page","link":"https:\/\/medikent.com.tr\/en\/elements\/blog-layouts\/","title":{"rendered":"Blog Layouts"},"content":{"rendered":"<p><section id=\"bt_bb_section69e1723b151cc\" class=\"bt_bb_section bt_bb_color_scheme_1 bt_bb_layout_boxed_1200 bt_bb_vertical_align_top bt_bb_top_spacing_extra_large bt_bb_bottom_spacing_large\" style=\"; --section-primary-color:#ffffff; --section-secondary-color:#1d1e21;\" data-bt-override-class=\"null\"><div class=\"bt_bb_port\"><div class=\"bt_bb_cell\"><div class=\"bt_bb_cell_inner\"><div class=\"bt_bb_row \"  data-bt-override-class=\"{}\"><div class=\"bt_bb_row_holder\" ><div  class=\"bt_bb_column col-xxl-12 col-xl-12 col-xs-12 col-sm-12 col-md-12 col-lg-12 bt_bb_vertical_align_bottom bt_bb_align_left bt_bb_padding_normal bt_bb_animation_fade_in animate\" style=\"; --column-width:12;\" data-width=\"12\" data-bt-override-class=\"{}\"><div class=\"bt_bb_column_content\"><div class=\"bt_bb_column_content_inner\"><header class=\"bt_bb_headline bt_bb_dash_none bt_bb_size_extralarge bt_bb_align_inherit\" data-bt-override-class=\"{&quot;bt_bb_size_&quot;:{&quot;current_class&quot;:&quot;bt_bb_size_extralarge&quot;,&quot;def&quot;:&quot;extralarge&quot;,&quot;xl&quot;:&quot;extralarge&quot;},&quot;bt_bb_align_&quot;:{&quot;current_class&quot;:&quot;bt_bb_align_inherit&quot;,&quot;def&quot;:&quot;inherit&quot;,&quot;xl&quot;:&quot;inherit&quot;}}\"><h1 class=\"bt_bb_headline_tag\"><span class=\"bt_bb_headline_content\"><span>Blog Layouts<\/span><\/span><\/h1><\/header><\/div><\/div><\/div><\/div><\/div><\/div><!-- cell_inner --><\/div><!-- cell --><\/div><!-- port --><\/section><section id=\"bt_bb_section69e1723b156eb\" class=\"bt_bb_section bt_bb_color_scheme_15 bt_bb_layout_boxed_1200 bt_bb_vertical_align_top bt_bb_top_spacing_large bt_bb_bottom_spacing_large\" style=\"; --section-primary-color:var(--alternate-color); --section-secondary-color:#f3fcff;\" data-bt-override-class=\"null\"><div class=\"bt_bb_port\"><div class=\"bt_bb_cell\"><div class=\"bt_bb_cell_inner\"><div class=\"bt_bb_row \"  data-bt-override-class=\"{}\"><div class=\"bt_bb_row_holder\" ><div  class=\"bt_bb_column col-xxl-12 col-xl-12 bt_bb_vertical_align_top bt_bb_align_left bt_bb_padding_normal\" style=\"; --column-width:12;\" data-width=\"12\" data-bt-override-class=\"{}\"><div class=\"bt_bb_column_content\"><div class=\"bt_bb_column_content_inner\"><div class=\"bt_bb_masonry_post_grid bt_bb_grid_container bt_bb_columns_3 bt_bb_gap_normal\" data-columns=\"3\"><div class=\"bt_bb_post_grid_filter\"><span class=\"bt_bb_post_grid_filter_item active\" data-category=\"\">All<\/span><span class=\"bt_bb_post_grid_filter_item\" data-category=\"general\">General<\/span><span class=\"bt_bb_post_grid_filter_item\" data-category=\"health-en\">Health<\/span><span class=\"bt_bb_post_grid_filter_item\" data-category=\"uncategorized\">Uncategorized<\/span><span class=\"bt_bb_post_grid_filter_item\" data-category=\"wellness-en\">Wellness<\/span><\/div><div class=\"bt_bb_masonry_post_grid_content bt_bb_grid_hide\" data-bt-bb-masonry-post-grid-nonce=\"1f3442a4fa\" data-number=\"3\" data-category=\"\" data-show=\"%7B%22category%22%3Atrue%2C%22date%22%3Afalse%2C%22author%22%3Afalse%2C%22comments%22%3Afalse%2C%22excerpt%22%3Atrue%2C%22share%22%3Atrue%7D\" data-auto-loading=\"\" data-post-type=\"post\" data-ignore-nonce=\"\"><div class=\"bt_bb_grid_sizer\"><\/div><\/div><div class=\"bt_bb_post_grid_loader\"><\/div><\/div><\/div><\/div><\/div><\/div><\/div><div class=\"bt_bb_row \"  data-bt-override-class=\"{}\"><div class=\"bt_bb_row_holder\" ><div  class=\"bt_bb_column col-xxl-12 col-xl-12 bt_bb_vertical_align_top bt_bb_align_left bt_bb_padding_normal\" style=\"; --column-width:12;\" data-width=\"12\" data-bt-override-class=\"{}\"><div class=\"bt_bb_column_content\"><div class=\"bt_bb_column_content_inner\"><div class=\"bt_bb_separator bt_bb_border_style_solid bt_bb_top_spacing_medium bt_bb_bottom_spacing_medium\" data-bt-override-class=\"null\"><\/div><\/div><\/div><\/div><\/div><\/div><div class=\"bt_bb_row \"  data-bt-override-class=\"{}\"><div class=\"bt_bb_row_holder\" ><div  class=\"bt_bb_column col-xxl-12 col-xl-12 bt_bb_vertical_align_top bt_bb_align_left bt_bb_padding_normal\" style=\"; --column-width:12;\" data-width=\"12\" data-bt-override-class=\"{}\"><div class=\"bt_bb_column_content\"><div class=\"bt_bb_column_content_inner\"><div class=\"bt_bb_latest_posts bt_bb_columns_3 bt_bb_gap_large bt_bb_image_shape_square\"><div class=\"bt_bb_latest_posts_item\"><div class=\"bt_bb_latest_posts_item_inner\"><div class=\"bt_bb_latest_posts_item_image\"><a href=\"https:\/\/medikent.com.tr\/en\/2025\/04\/hastanemize-ziyaret\/\" target=\"_self\"><img decoding=\"async\" src=\"https:\/\/medikent.com.tr\/wp-content\/plugins\/bold-page-builder\/img\/blank.gif\" alt=\"Visit to our Hospital\" title=\"Visit to our Hospital\" class=\"btLazyLoadImage\"  data-image_src=\"https:\/\/medikent.com.tr\/wp-content\/uploads\/2025\/04\/WhatsApp-Image-2025-04-25-at-08.48.58-1-720x1080.jpeg\" ><\/a><\/div><div class=\"bt_bb_latest_posts_item_content\"><h5 class=\"bt_bb_latest_posts_item_title\"><a href=\"https:\/\/medikent.com.tr\/en\/2025\/04\/hastanemize-ziyaret\/\" target=\"_self\">Visit to our Hospital<\/a><\/h5><div class=\"bt_bb_latest_posts_item_excerpt\">Our Governor Mr. U\u011fur TURAN, L\u00fcleburgaz District Governor Mr. Salih Y\u00dcCE, K\u0131rklareli Provincial Health Director Dr. Assoc. Member \u00c7i\u011fdem CER\u0130T visited our hospital and received information about our activities from our hospital administrators. They wished a speedy recovery to our patients and convenience to our doctors and healthcare professionals.<\/div><div class=\"bt_bb_latest_posts_read_more\"><a href=\"https:\/\/medikent.com.tr\/en\/2025\/04\/hastanemize-ziyaret\/\" target=\"_self\"><span>READ MORE<\/span><\/a><\/div><\/div> <!-- \/bt_bb_latest_posts_item_content --><\/div> <!-- \/bt_bb_latest_posts_item_inner --><\/div> <!-- \/bt_bb_latest_posts_item  --><div class=\"bt_bb_latest_posts_item\"><div class=\"bt_bb_latest_posts_item_inner\"><div class=\"bt_bb_latest_posts_item_image\"><a href=\"https:\/\/medikent.com.tr\/en\/2018\/04\/keep-your-childs-nutrition-under-control\/\" target=\"_self\"><img decoding=\"async\" src=\"https:\/\/medikent.com.tr\/wp-content\/plugins\/bold-page-builder\/img\/blank.gif\" alt=\"KEEP YOUR CHILD&#8217;S NUTRITION UNDER CONTROL!\" title=\"KEEP YOUR CHILD&#8217;S NUTRITION UNDER CONTROL!\" class=\"btLazyLoadImage\"  data-image_src=\"\" ><\/a><\/div><div class=\"bt_bb_latest_posts_item_content\"><h5 class=\"bt_bb_latest_posts_item_title\"><a href=\"https:\/\/medikent.com.tr\/en\/2018\/04\/keep-your-childs-nutrition-under-control\/\" target=\"_self\">KEEP YOUR CHILD&#8217;S NUTRITION UNDER CONTROL!<\/a><\/h5><div class=\"bt_bb_latest_posts_item_excerpt\">Collaboratively administer empowered markets via plug-and-play networks. Dynamically procrastinate B2C users after installed base benefits. Dramatically visualize customer directed convergence without revolutionary ROI. Whatever brunch vice mlkshk hashtag affogato messenger bag activated charcoal glossier.<\/div><div class=\"bt_bb_latest_posts_read_more\"><a href=\"https:\/\/medikent.com.tr\/en\/2018\/04\/keep-your-childs-nutrition-under-control\/\" target=\"_self\"><span>READ MORE<\/span><\/a><\/div><\/div> <!-- \/bt_bb_latest_posts_item_content --><\/div> <!-- \/bt_bb_latest_posts_item_inner --><\/div> <!-- \/bt_bb_latest_posts_item  --><\/div><\/div><\/div><\/div><\/div><\/div><\/div><!-- cell_inner --><\/div><!-- cell --><\/div><!-- port --><\/section><\/p>\n","protected":false},"excerpt":{"rendered":"","protected":false},"author":1,"featured_media":0,"parent":7340,"menu_order":0,"comment_status":"closed","ping_status":"closed","template":"","meta":{"footnotes":""},"class_list":["post-7911","page","type-page","status-publish","hentry"],"_links":{"self":[{"href":"https:\/\/medikent.com.tr\/en\/wp-json\/wp\/v2\/pages\/7911","targetHints":{"allow":["GET"]}}],"collection":[{"href":"https:\/\/medikent.com.tr\/en\/wp-json\/wp\/v2\/pages"}],"about":[{"href":"https:\/\/medikent.com.tr\/en\/wp-json\/wp\/v2\/types\/page"}],"author":[{"embeddable":true,"href":"https:\/\/medikent.com.tr\/en\/wp-json\/wp\/v2\/users\/1"}],"replies":[{"embeddable":true,"href":"https:\/\/medikent.com.tr\/en\/wp-json\/wp\/v2\/comments?post=7911"}],"version-history":[{"count":0,"href":"https:\/\/medikent.com.tr\/en\/wp-json\/wp\/v2\/pages\/7911\/revisions"}],"up":[{"embeddable":true,"href":"https:\/\/medikent.com.tr\/en\/wp-json\/wp\/v2\/pages\/7340"}],"wp:attachment":[{"href":"https:\/\/medikent.com.tr\/en\/wp-json\/wp\/v2\/media?parent=7911"}],"curies":[{"name":"wp","href":"https:\/\/api.w.org\/{rel}","templated":true}]}}