{"id":8755,"date":"2023-10-07T00:52:33","date_gmt":"2023-10-06T21:52:33","guid":{"rendered":"https:\/\/medikent.com.tr\/committees\/"},"modified":"2025-11-13T14:49:06","modified_gmt":"2025-11-13T11:49:06","slug":"committees","status":"publish","type":"page","link":"https:\/\/medikent.com.tr\/en\/committees\/","title":{"rendered":"Committees"},"content":{"rendered":"<p><section data-bb-version=\"4.6.1\" id=\"bt_bb_section69f5c52f346bb\" class=\"bt_bb_section bt_bb_color_scheme_1 bt_bb_layout_boxed_1200 bt_bb_vertical_align_top bt_bb_top_spacing_extra_large bt_bb_bottom_spacing_large\" style=\"; --section-primary-color:#ffffff; --section-secondary-color:#1d1e21;\" data-bt-override-class=\"{&quot;bt_bb_top_spacing_&quot;:{&quot;current_class&quot;:&quot;bt_bb_top_spacing_extra_large&quot;,&quot;def&quot;:&quot;extra_large&quot;},&quot;bt_bb_bottom_spacing_&quot;:{&quot;current_class&quot;:&quot;bt_bb_bottom_spacing_large&quot;,&quot;def&quot;:&quot;large&quot;}}\"><div class=\"bt_bb_background_image_holder_wrapper\"><div class=\"bt_bb_background_image_holder btLazyLoadBackground bt_bb_parallax\"  data-background_image_src=\"https:\/\/medikent.com.tr\/wp-content\/uploads\/2023\/10\/background_footer_01.jpg\" data-parallax=\"0.6\" data-parallax-offset=\"0\" data-parallax-zoom-start=\"1\" data-parallax-zoom-end=\"1\" data-parallax-blur-start=\"0\" data-parallax-blur-end=\"0\" data-parallax-opacity-start=\"1\" data-parallax-opacity-end=\"1\" style=\" background-image: url(&#039;https:\/\/medikent.com.tr\/wp-content\/plugins\/bold-page-builder\/img\/blank.gif&#039;);\"><\/div><\/div><div class=\"bt_bb_port\"><div class=\"bt_bb_cell\"><div class=\"bt_bb_cell_inner\"><div class=\"bt_bb_row \"  data-bt-override-class=\"{}\"><div class=\"bt_bb_row_holder\" ><div  class=\"bt_bb_column col-xxl-6 col-xl-6 col-xs-12 col-sm-6 col-md-6 col-lg-6 bt_bb_vertical_align_bottom bt_bb_align_left bt_bb_padding_normal bt_bb_animation_fade_in animate\" style=\"; --column-width:6;\" data-width=\"6\" data-bt-override-class=\"{}\"><div class=\"bt_bb_column_content\"><div class=\"bt_bb_column_content_inner\"><header data-bb-version=\"4.6.1\" class=\"bt_bb_headline bt_bb_subheadline_text_transform_default bt_bb_dash_none bt_bb_size_extralarge bt_bb_align_inherit\" data-bt-override-class=\"{&quot;bt_bb_size_&quot;:{&quot;current_class&quot;:&quot;bt_bb_size_extralarge&quot;,&quot;def&quot;:&quot;extralarge&quot;},&quot;bt_bb_align_&quot;:{&quot;current_class&quot;:&quot;bt_bb_align_inherit&quot;,&quot;def&quot;:&quot;inherit&quot;}}\"><h1 class=\"bt_bb_headline_tag\"><span class=\"bt_bb_headline_content\"><span>Committees<\/span><\/span><\/h1><\/header><\/div><\/div><\/div><div  class=\"bt_bb_column col-xxl-6 col-xl-6 col-xs-12 col-sm-6 col-md-6 col-lg-6 bt_bb_vertical_align_top bt_bb_align_left bt_bb_padding_normal\" style=\"; --column-width:6;\" data-width=\"6\" data-bt-override-class=\"{}\"><div class=\"bt_bb_column_content\"><div class=\"bt_bb_column_content_inner\"><\/div><\/div><\/div><\/div><\/div><\/div><!-- cell_inner --><\/div><!-- cell --><\/div><!-- port --><\/section><section id=\"bt_bb_section69f5c52f34f67\" class=\"bt_bb_section bt_bb_color_scheme_8 bt_bb_layout_wide bt_bb_vertical_align_top bt_bb_top_spacing_large bt_bb_bottom_spacing_medium\" style=\"; --section-primary-color:var(--alternate-color); --section-secondary-color:#ffffff;\" data-bt-override-class=\"null\"><div class=\"bt_bb_port\"><div class=\"bt_bb_cell\"><div class=\"bt_bb_cell_inner\"><div class=\"bt_bb_row \"  data-bt-override-class=\"{}\"><div class=\"bt_bb_row_holder\" ><div  class=\"bt_bb_column col-xxl-3 col-xl-3 col-xs-12 col-sm-12 col-md-12 col-lg-3 bt_bb_vertical_align_top bt_bb_align_left bt_bb_padding_normal\" style=\"; --column-width:3;\" data-width=\"3\" data-bt-override-class=\"{}\"><div class=\"bt_bb_column_content\"><div class=\"bt_bb_column_content_inner\"><\/div><\/div><\/div><div  class=\"bt_bb_column col-xxl-6 col-xl-6 col-xs-12 col-sm-12 col-md-12 col-lg-6 bt_bb_vertical_align_top bt_bb_align_center bt_bb_padding_normal bt_bb_animation_fade_in animate\" style=\"; --column-width:6;\" data-width=\"6\" data-bt-override-class=\"{}\"><div class=\"bt_bb_column_content\"><div class=\"bt_bb_column_content_inner\"><div data-bb-version=\"4.6.1\"  class=\"bt_bb_text\" ><\/p>\n<p style=\"text-align: left;\"><strong>PATIENT SAFETY COMMITTEE<\/strong><br \/><em>Committee Members<\/em><\/p>\n<ul style=\"text-align: left;\">\n<li>Opr. Dr. Turgay Y\u00dcCEL Responsible Manager<\/li>\n<li>Dr. \u0130lyas ASLAN Business Director<\/li>\n<li>Evin KI\u015eKIR Responsible Nurse<\/li>\n<li>Sevilay TINAZ Quality Management Officer<\/li>\n<li>Tolga \u00c7AKIRLI Information Technology Officer<\/li>\n<li>Aylin G\u0130RG\u0130N Director of Nursing Services<\/li>\n<\/ul>\n<p style=\"text-align: left;\"><strong>TRANSFUSION COMMITTEE<\/strong><br \/><em>Committee Members<\/em><\/p>\n<ul style=\"text-align: left;\">\n<li>Opr. Dr. Teoman DURUKAN Assistant Manager<\/li>\n<li>Dr. \u0130lyas ASLAN Business Director<\/li>\n<li>Uzm. Dr. Sel\u00e7uk \u00c7UKUROVA Internal Medicine Specialist<\/li>\n<li>Opr. Dr. Sevgin MERT Gynecology and Obstetrics Specialist<\/li>\n<li>Uzm. Dr. Ayd\u0131n VAROL Pediatrics Specialist<\/li>\n<li>Uzm. Dr. Ali S\u00d6KER Anesthesia and Reanimation Specialist<\/li>\n<li>Uzm. Dr. Nermin DURAN Microbiology Specialist<\/li>\n<li>Aylin G\u0130RG\u0130N Director of Nursing Services<\/li>\n<li>Sevilay TINAZ Quality Management Officer<\/li>\n<li>Asl\u0131 ATE\u015e Transfusion Unit Supervisor<\/li>\n<li>Hacer KAHYA Laboratory Supervisor<\/li>\n<\/ul>\n<p style=\"text-align: left;\"><strong>OCCUPATIONAL HEALTH AND SAFETY COMMITTEE<\/strong><br \/><em>Committee Members<\/em><\/p>\n<ul style=\"text-align: left;\">\n<li>Opr. Dr. Teoman DURUKAN Assistant Manager<\/li>\n<li>Dr. \u0130lyas ASLAN Business Director<\/li>\n<li>Aylin G\u0130RG\u0130N Director of Nursing Services<\/li>\n<li>Sevilay TINAZ Quality Management Officer<\/li>\n<li>Opr.Dr. H.Korhan ALTAN Occupational Physician<\/li>\n<li>Nurettin KORKMAZ Occupational Health and Safety Specialist<\/li>\n<li>Nurullah KARADEN\u0130Z Support Staff<\/li>\n<li>Yaman DALKIRAN Chief Workplace Employee Representative<\/li>\n<li>Recep Nur KART Subcontractor Representative<\/li>\n<li>Emine Melis \u015eEN Human Resources Officer<\/li>\n<\/ul>\n<p style=\"text-align: left;\"><strong>FACILITY SAFETY COMMITTEE<\/strong><br \/><em>Committee Members<\/em><\/p>\n<ul style=\"text-align: left;\">\n<li>Opr. Dr. Turgay Y\u00dcCEL Responsible Manager<\/li>\n<li>Dr. \u0130lyas ASLAN Business Director<\/li>\n<li>Opr. Dr. Ferhat GEGA General Surgery Specialist<\/li>\n<li>Aylin G\u0130RG\u0130N Director of Nursing Services<\/li>\n<li>Sevilay TINAZ Quality Management Officer<\/li>\n<li>Nurettin KORKMAZ Occupational Health and Safety Specialist<\/li>\n<li>Nurullah KARADEN\u0130Z Technical Service Responsible<\/li>\n<\/ul>\n<p style=\"text-align: left;\"><strong>INFECTION CONTROL COMMITTEE<\/strong><br \/><em>Committee Members<\/em><\/p>\n<ul style=\"text-align: left;\">\n<li>Opr.Dr.Turgay Y\u00dcCEL Responsible Manager<\/li>\n<li>Dr. \u0130lyas ASLAN Business Director<\/li>\n<li>Opr.Dr.Ferhat GEGA General Surgery Specialist<\/li>\n<li>Uzm. Dr. Nermin DURAN Microbiology Specialist<\/li>\n<li>Uzm. Dr. \u00d6zlem KO\u00c7AK PEHL\u0130VAN Internal Medicine Specialist<\/li>\n<li>Uzm.Dr.Ayd\u0131n VAROL Pediatrics Specialist<\/li>\n<li>Uzm. Dr. Funda \u00c7EL\u0130K Anesthesia and Reanimation Specialist<\/li>\n<li>Aylin G\u0130RG\u0130N Director of Nursing Services<\/li>\n<li>Sevilay TINAZ Quality Management Officer<\/li>\n<li>Merve CAN Infection Nurse<\/li>\n<li>Nurettin KORKMAZ Occupational Health and Safety Specialist<\/li>\n<li>P\u0131nar \u0130NCE General Intensive Care Nurse in Charge<\/li>\n<li>Nurullah KARADEN\u0130Z Technical Service Responsible<\/li>\n<\/ul>\n<p style=\"text-align: left;\"><strong>EDUCATION COMMITTEE<\/strong><br \/><em>Committee Members<\/em><\/p>\n<ul style=\"text-align: left;\">\n<li>Opr. Dr. Turgay Y\u00dcCEL Responsible Manager<\/li>\n<li>Dr. \u0130lyas ASLAN Business Director<\/li>\n<li>Aylin G\u0130RG\u0130N Director of Nursing Services<\/li>\n<li>Sevilay TINAZ Quality Management Officer<\/li>\n<li>Nurettin KORKMAZ Occupational Health and Safety Specialist<\/li>\n<li>Elif BEYAZ Education Nurse<\/li>\n<li>Emine Melis \u015eEN Human Resources Officer<\/li>\n<li>Derya YAKUT Gynecology Service Responsible Nurse<\/li>\n<li>Tu\u011fba ANITAN Child Service Responsible Nurse<\/li>\n<\/ul>\n<p style=\"text-align: left;\"><strong>COLORECTAL CANCER CLINICAL QUALITY IMPROVEMENT COMMITTEE<\/strong><br \/><em>Committee Members  <\/em><\/p>\n<ul>\n<li style=\"text-align: left;\">Opr. Dr. Turgay Y\u00dcCEL Responsible Manager<\/li>\n<li style=\"text-align: left;\">Dr. \u0130lyas ASLAN Business Director<\/li>\n<li style=\"text-align: left;\">Opr.Dr.Ferhat GEGA General Surgery Specialist<\/li>\n<li style=\"text-align: left;\">Tolga \u00c7AKIRLI USS Officer<\/li>\n<li style=\"text-align: left;\">Aylin G\u0130RG\u0130N Director of Nursing Services<\/li>\n<li style=\"text-align: left;\">Sevilay TINAZ Quality Management Officer<\/li>\n<\/ul>\n<p>\n<\/div><\/div><\/div><\/div><div  class=\"bt_bb_column col-xxl-3 col-xl-3 col-xs-12 col-sm-12 col-md-12 col-lg-3 bt_bb_vertical_align_top bt_bb_align_left bt_bb_padding_normal\" style=\"; --column-width:3;\" data-width=\"3\" data-bt-override-class=\"{}\"><div class=\"bt_bb_column_content\"><div class=\"bt_bb_column_content_inner\"><\/div><\/div><\/div><\/div><\/div><\/div><!-- cell_inner --><\/div><!-- cell --><\/div><!-- port --><\/section><\/p>\n","protected":false},"excerpt":{"rendered":"","protected":false},"author":1,"featured_media":0,"parent":0,"menu_order":0,"comment_status":"closed","ping_status":"closed","template":"","meta":{"footnotes":""},"class_list":["post-8755","page","type-page","status-publish","hentry"],"_links":{"self":[{"href":"https:\/\/medikent.com.tr\/en\/wp-json\/wp\/v2\/pages\/8755","targetHints":{"allow":["GET"]}}],"collection":[{"href":"https:\/\/medikent.com.tr\/en\/wp-json\/wp\/v2\/pages"}],"about":[{"href":"https:\/\/medikent.com.tr\/en\/wp-json\/wp\/v2\/types\/page"}],"author":[{"embeddable":true,"href":"https:\/\/medikent.com.tr\/en\/wp-json\/wp\/v2\/users\/1"}],"replies":[{"embeddable":true,"href":"https:\/\/medikent.com.tr\/en\/wp-json\/wp\/v2\/comments?post=8755"}],"version-history":[{"count":17,"href":"https:\/\/medikent.com.tr\/en\/wp-json\/wp\/v2\/pages\/8755\/revisions"}],"predecessor-version":[{"id":14206,"href":"https:\/\/medikent.com.tr\/en\/wp-json\/wp\/v2\/pages\/8755\/revisions\/14206"}],"wp:attachment":[{"href":"https:\/\/medikent.com.tr\/en\/wp-json\/wp\/v2\/media?parent=8755"}],"curies":[{"name":"wp","href":"https:\/\/api.w.org\/{rel}","templated":true}]}}