{"id":9908,"date":"2023-10-02T22:47:06","date_gmt":"2023-10-02T19:47:06","guid":{"rendered":"https:\/\/medikent.com.tr\/op-dr-bahadir-alkan\/"},"modified":"2024-05-20T16:53:26","modified_gmt":"2024-05-20T13:53:26","slug":"op-dr-bahadir-alkan","status":"publish","type":"page","link":"https:\/\/medikent.com.tr\/en\/op-dr-bahadir-alkan\/","title":{"rendered":"Op. Dr. Bahad\u0131r ALKAN"},"content":{"rendered":"<p><section id=\"bt_bb_section69e1df44604cb\" class=\"bt_bb_section bt_bb_color_scheme_1 bt_bb_layout_boxed_1200 bt_bb_vertical_align_top bt_bb_top_spacing_large bt_bb_bottom_spacing_medium\" style=\"; --section-primary-color:#ffffff; --section-secondary-color:#1d1e21;\" data-bt-override-class=\"null\"><div class=\"bt_bb_background_image_holder_wrapper\"><div class=\"bt_bb_background_image_holder btLazyLoadBackground bt_bb_parallax\"  data-background_image_src=\"https:\/\/medikent.com.tr\/wp-content\/uploads\/2023\/09\/hero_DrCV.jpg\" data-parallax=\"0.6\" data-parallax-offset=\"0\" data-parallax-zoom-start=\"1\" data-parallax-zoom-end=\"1\" data-parallax-blur-start=\"0\" data-parallax-blur-end=\"0\" data-parallax-opacity-start=\"1\" data-parallax-opacity-end=\"1\" style=\" background-image: url(&#039;https:\/\/medikent.com.tr\/wp-content\/plugins\/bold-page-builder\/img\/blank.gif&#039;);\"><\/div><\/div><div class=\"bt_bb_port\"><div class=\"bt_bb_cell\"><div class=\"bt_bb_cell_inner\"><div class=\"bt_bb_row \"  data-bt-override-class=\"{}\"><div class=\"bt_bb_row_holder\" ><div  class=\"bt_bb_column col-xxl-6 col-xl-6 col-xs-12 col-sm-12 col-md-7 col-lg-6 bt_bb_vertical_align_top bt_bb_align_left bt_bb_padding_normal bt_bb_animation_fade_in animate\" style=\"; --column-width:6;\" data-width=\"6\" data-bt-override-class=\"{&quot;bt_bb_align_&quot;:{&quot;current_class&quot;:&quot;bt_bb_align_left&quot;,&quot;def&quot;:&quot;left&quot;,&quot;xl&quot;:&quot;left&quot;}}\"><div class=\"bt_bb_column_content\"><div class=\"bt_bb_column_content_inner\"><div class=\"bt_bb_separator bt_bb_border_style_none bt_bb_bottom_spacing_medium bt_bb_hidden_xs bt_bb_hidden_ms bt_bb_hidden_sm\" data-bt-override-class=\"null\"><\/div><header class=\"bt_bb_headline bt_bb_dash_none bt_bb_size_extralarge bt_bb_align_inherit\" data-bt-override-class=\"{&quot;bt_bb_size_&quot;:{&quot;current_class&quot;:&quot;bt_bb_size_extralarge&quot;,&quot;def&quot;:&quot;extralarge&quot;},&quot;bt_bb_align_&quot;:{&quot;current_class&quot;:&quot;bt_bb_align_inherit&quot;,&quot;def&quot;:&quot;inherit&quot;,&quot;xl&quot;:&quot;inherit&quot;}}\"><h1 class=\"bt_bb_headline_tag\"><span class=\"bt_bb_headline_content\"><span>Op. Dr. Bahad\u0131r ALKAN<\/span><\/span><\/h1><\/header><div class=\"bt_bb_separator bt_bb_border_style_none bt_bb_bottom_spacing_medium\" data-bt-override-class=\"null\"><\/div><div class=\" bt_bb_row_inner\"   data-bt-override-class=\"{}\"><div class=\"bt_bb_row_inner_holder\"  ><div  class=\"bt_bb_column_inner col-xxl-6 col-xl-6 col-xs-12 col-sm-12 col-md-6 col-lg-6 bt_bb_vertical_align_top bt_bb_align_left bt_bb_padding_normal bt_bb_right_border bt_bb_border_style_light bt_bb_border_position_inner\"  data-width=\"6\" data-bt-override-class=\"{&quot;bt_bb_align_&quot;:{&quot;current_class&quot;:&quot;bt_bb_align_left&quot;,&quot;def&quot;:&quot;left&quot;,&quot;xl&quot;:&quot;left&quot;}}\"><div class=\"bt_bb_column_inner_content\"><div class=\"bt_bb_column_inner_content_inner\"><div  class=\"bt_bb_text\" ><\/p>\n<p>Contact<\/p>\n<p>\n<\/div><div class=\"bt_bb_separator bt_bb_border_style_none bt_bb_top_spacing_extra_small\" data-bt-override-class=\"null\"><\/div><div class=\"bt_bb_icon bt_bb_color_scheme_10 bt_bb_style_borderless bt_bb_size_large bt_bb_shape_circle bt_bb_target_self bt_bb_align_inherit bt_bb_text_color_scheme_10\" style=\"; --primary-color:#ffffff; --secondary-color:var(--alternate-color);; --text-primary-color:#ffffff; --text-secondary-color:var(--alternate-color);\" data-bt-override-class=\"{&quot;bt_bb_size_&quot;:{&quot;current_class&quot;:&quot;bt_bb_size_large&quot;,&quot;def&quot;:&quot;large&quot;,&quot;xl&quot;:&quot;large&quot;},&quot;bt_bb_align_&quot;:{&quot;current_class&quot;:&quot;bt_bb_align_inherit&quot;,&quot;def&quot;:&quot;inherit&quot;,&quot;xl&quot;:&quot;inherit&quot;}}\"><a href=\"https:\/\/medikent.com.tr\/en\/contact\/\"  target=\"_self\"  title=\"444 59 39\"  data-ico-remixiconsdevice=\"&#xe951;\" class=\"bt_bb_icon_holder\"><span>444 59 39<\/span><\/a><\/div><\/div><\/div><\/div><div  class=\"bt_bb_column_inner col-xxl-6 col-xl-6 col-xs-12 col-sm-12 col-md-6 col-lg-6 bt_bb_vertical_align_middle bt_bb_align_left bt_bb_padding_normal\"  data-width=\"6\" data-bt-override-class=\"{&quot;bt_bb_align_&quot;:{&quot;current_class&quot;:&quot;bt_bb_align_left&quot;,&quot;def&quot;:&quot;left&quot;,&quot;xl&quot;:&quot;left&quot;}}\"><div class=\"bt_bb_column_inner_content\"><div class=\"bt_bb_column_inner_content_inner\"><div  class=\"bt_bb_text\" ><\/p>\n<p>E-appointment<\/p>\n<p>\n<\/div><div class=\"bt_bb_separator bt_bb_border_style_none bt_bb_top_spacing_extra_small\" data-bt-override-class=\"null\"><\/div><div class=\"bt_bb_icon bt_bb_color_scheme_10 bt_bb_style_borderless bt_bb_size_large bt_bb_shape_circle bt_bb_target_self bt_bb_align_inherit bt_bb_text_color_scheme_10\" style=\"; --primary-color:#ffffff; --secondary-color:var(--alternate-color);; --text-primary-color:#ffffff; --text-secondary-color:var(--alternate-color);\" data-bt-override-class=\"{&quot;bt_bb_size_&quot;:{&quot;current_class&quot;:&quot;bt_bb_size_large&quot;,&quot;def&quot;:&quot;large&quot;,&quot;xl&quot;:&quot;large&quot;},&quot;bt_bb_align_&quot;:{&quot;current_class&quot;:&quot;bt_bb_align_inherit&quot;,&quot;def&quot;:&quot;inherit&quot;,&quot;xl&quot;:&quot;inherit&quot;}}\"><a href=\"https:\/\/www.medisoftweb.com\/doktor\/medikent-hastanesi_1149_kirklareli-beyin-ve-sinir-cerrahisi-op-dr-bahadir-alkan\" target=\"_self\" title=\"Make an Appointment\" data-ico-remixiconsbusiness=\"&#xe92d;\" class=\"bt_bb_icon_holder\" rel=\"noopener\"><span>Make an Appointment<\/span><\/a><\/div><div class=\"bt_bb_separator bt_bb_border_style_none bt_bb_bottom_spacing_normal bt_bb_hidden_sm bt_bb_hidden_md bt_bb_hidden_lg\" data-bt-override-class=\"null\"><\/div><\/div><\/div><\/div><\/div><\/div><\/div><\/div><\/div><div  class=\"bt_bb_column col-xxl-6 col-xl-6 col-xs-12 col-sm-12 col-md-5 col-lg-6 bt_bb_vertical_align_top bt_bb_align_left bt_bb_padding_normal\" style=\"; --column-width:6;\" data-width=\"6\" data-bt-override-class=\"{}\"><div class=\"bt_bb_column_content\"><div class=\"bt_bb_column_content_inner\"><\/div><\/div><\/div><\/div><\/div><\/div><!-- cell_inner --><\/div><!-- cell --><\/div><!-- port --><\/section><section id=\"bt_bb_section69e1df4462b2c\" class=\"bt_bb_section bt_bb_color_scheme_8 bt_bb_layout_wide bt_bb_vertical_align_top\" style=\"; --section-primary-color:var(--alternate-color); --section-secondary-color:#ffffff;\" data-bt-override-class=\"null\"><div class=\"bt_bb_background_image_holder_wrapper\"><div class=\"bt_bb_background_image_holder btLazyLoadBackground bt_bb_parallax\"  data-background_image_src=\"https:\/\/medikent.com.tr\/wp-content\/uploads\/2023\/09\/background_03.jpg\" data-parallax=\"0.6\" data-parallax-offset=\"0\" data-parallax-zoom-start=\"1\" data-parallax-zoom-end=\"1\" data-parallax-blur-start=\"0\" data-parallax-blur-end=\"0\" data-parallax-opacity-start=\"1\" data-parallax-opacity-end=\"1\" style=\" background-image: url(&#039;https:\/\/medikent.com.tr\/wp-content\/plugins\/bold-page-builder\/img\/blank.gif&#039;);\"><\/div><\/div><div class=\"bt_bb_port\"><div class=\"bt_bb_cell\"><div class=\"bt_bb_cell_inner\"><div class=\"bt_bb_row bt_bb_row_push_right bt_bb_content_wide bt_bb_row_width_boxed_1200 bt_bb_row_width_boxed  bt_bb_column_gap_0\" style=\"; --column-gap:0px;\" data-bt-override-class=\"{}\"><div class=\"bt_bb_row_holder\" ><div  class=\"bt_bb_column col-xxl-7 col-xl-7 col-xs-12 col-sm-12 col-md-12 col-lg-7 bt_bb_vertical_align_middle bt_bb_align_left bt_bb_padding_normal bt_bb_animation_fade_in animate\" style=\"; --column-width:7;\" data-width=\"7\" data-bt-override-class=\"{&quot;bt_bb_align_&quot;:{&quot;current_class&quot;:&quot;bt_bb_align_left&quot;,&quot;def&quot;:&quot;left&quot;,&quot;xl&quot;:&quot;left&quot;}}\"><div class=\"bt_bb_column_content\"><div class=\"bt_bb_column_content_inner\"><div class=\"bt_bb_separator bt_bb_border_style_none bt_bb_bottom_spacing_large\" data-bt-override-class=\"null\"><\/div><header class=\"bt_bb_headline bt_bb_dash_none bt_bb_subheadline bt_bb_size_large bt_bb_align_inherit\" data-bt-override-class=\"{&quot;bt_bb_size_&quot;:{&quot;current_class&quot;:&quot;bt_bb_size_large&quot;,&quot;def&quot;:&quot;large&quot;,&quot;xl&quot;:&quot;large&quot;},&quot;bt_bb_align_&quot;:{&quot;current_class&quot;:&quot;bt_bb_align_inherit&quot;,&quot;def&quot;:&quot;inherit&quot;,&quot;xl&quot;:&quot;inherit&quot;}}\"><h2 class=\"bt_bb_headline_tag\"><span class=\"bt_bb_headline_content\"><span>Op. Dr. Bahad\u0131r ALKAN<\/span><\/span><\/h2><div class=\"bt_bb_headline_subheadline\">Brain and Nerve Surgery<\/div><\/header><div class=\"bt_bb_separator bt_bb_border_style_none bt_bb_bottom_spacing_normal\" data-bt-override-class=\"null\"><\/div><div class=\" bt_bb_row_inner\"   data-bt-override-class=\"{}\"><div class=\"bt_bb_row_inner_holder\"  ><div  class=\"bt_bb_column_inner col-xxl-6 col-xl-6 col-xs-12 col-sm-12 col-md-12 col-lg-6 bt_bb_vertical_align_top bt_bb_align_left bt_bb_padding_normal\"  data-width=\"6\" data-bt-override-class=\"{}\"><div class=\"bt_bb_column_inner_content\"><div class=\"bt_bb_column_inner_content_inner\"><div  class=\"bt_bb_text bt_bb_font_size_14\" ><\/p>\n<p>He was born in 1983 in Suluova. He completed his primary, secondary and high school education in Amasya. He completed his medical education at Samsun Ondokuz May\u0131s University Faculty of Medicine and his specialty education at \u00c7anakkale 18 Mart University. Op.Dr. at L\u00fcleburgaz State Hospital, respectively. and then at Izmir Torbal\u0131 State Hospital as Op.Dr. After working as Chief Physician at L\u00fcleburgaz State Hospital, he continues to serve in the field of Brain and Spinal Cord Surgery at Private Medikent Hospital since 2020. He is single and has 1 child. He enjoys sports, travel, chess, cinema and theater.<\/p>\n<p>\n<\/div><div class=\"bt_bb_separator bt_bb_border_style_none bt_bb_bottom_spacing_normal bt_bb_hidden_md bt_bb_hidden_lg\" data-bt-override-class=\"null\"><\/div><\/div><\/div><\/div><div  class=\"bt_bb_column_inner col-xxl-6 col-xl-6 col-xs-12 col-sm-12 col-md-12 col-lg-6 bt_bb_vertical_align_top bt_bb_align_left bt_bb_padding_normal\"  data-width=\"6\" data-bt-override-class=\"{}\"><div class=\"bt_bb_column_inner_content\"><div class=\"bt_bb_column_inner_content_inner\"><div  class=\"bt_bb_text\" ><\/p>\n<p>Topics of interest and expertise: Brain hemorrhages, brain tumors, lumbar and cervical hernias with microsurgery, degenerative diseases, fractures and tumors of the spine, nerve entrapment surgeries, transforminal epidural injections, transsacral endoscopiclaser discectomy, percutaneous vertebroplasty and kyphoplasty.<\/p>\n<p>\n<\/div><div class=\"bt_bb_separator bt_bb_border_style_none bt_bb_bottom_spacing_normal\" data-bt-override-class=\"null\"><\/div><div class=\"bt_bb_separator bt_bb_border_style_none bt_bb_bottom_spacing_extra_small\" data-bt-override-class=\"null\"><\/div><div  class=\"bt_bb_text bt_bb_font_size_14\" ><\/p>\n<p><b>Op. Dr. Bahad\u0131r ALKAN<br \/>\n<\/b>Brain and Nerve Surgery<\/p>\n<p>\n<\/div><\/div><\/div><\/div><\/div><\/div><div class=\"bt_bb_separator bt_bb_border_style_none bt_bb_bottom_spacing_medium\" data-bt-override-class=\"null\"><\/div><div class=\"bt_bb_separator bt_bb_border_style_none bt_bb_bottom_spacing_large\" data-bt-override-class=\"null\"><\/div><\/div><\/div><\/div><div  class=\"bt_bb_column col-xxl-1 col-xl-1 col-xs-12 col-sm-12 col-md-12 col-lg-1 bt_bb_vertical_align_top bt_bb_align_left bt_bb_padding_normal\" style=\"; --column-width:1;\" data-width=\"1\" data-bt-override-class=\"{}\"><div class=\"bt_bb_column_content\"><div class=\"bt_bb_column_content_inner\"><\/div><\/div><\/div><div  class=\"bt_bb_column col-xxl-4 col-xl-4 col-xs-12 col-sm-12 col-md-12 col-lg-4 bt_bb_vertical_align_top bt_bb_align_left btLazyLoadBackground bt_bb_column_background_image bt_bb_padding_normal bt_bb_animation_fade_in animate bt_bb_shape_soft-rounded bt_bb_bottom_left_shape\" style=\"background-image:url(&#039;https:\/\/medikent.com.tr\/wp-content\/plugins\/bold-page-builder\/img\/blank.gif&#039;);; --column-width:4;\" data-background_image_src='https:\/\/medikent.com.tr\/wp-content\/uploads\/2024\/01\/TNC06892-copy-scaled.jpg' data-width=\"4\" data-bt-override-class=\"{&quot;bt_bb_align_&quot;:{&quot;current_class&quot;:&quot;bt_bb_align_left&quot;,&quot;def&quot;:&quot;left&quot;,&quot;xl&quot;:&quot;left&quot;}}\"><div class=\"bt_bb_column_content\"><div class=\"bt_bb_column_content_inner\"><\/div><\/div><\/div><\/div><\/div><div class=\"bt_bb_row \"  data-bt-override-class=\"{}\"><div class=\"bt_bb_row_holder\" ><div  class=\"bt_bb_column col-xxl-12 col-xl-12 col-xs-12 col-sm-12 col-md-12 col-lg-12 bt_bb_vertical_align_top bt_bb_align_left bt_bb_padding_normal\" style=\"; --column-width:12;\" data-width=\"12\" data-bt-override-class=\"{}\"><div class=\"bt_bb_column_content\"><div class=\"bt_bb_column_content_inner\"><div class=\"bt_bb_separator bt_bb_border_style_none bt_bb_bottom_spacing_90 bt_bb_hidden_xs bt_bb_hidden_ms bt_bb_hidden_sm\" data-bt-override-class=\"null\"><\/div><\/div><\/div><\/div><\/div><\/div><div class=\"bt_bb_row bt_bb_row_push_left bt_bb_content_wide bt_bb_row_width_boxed_1200 bt_bb_row_width_boxed  bt_bb_column_gap_0\" style=\"background: linear-gradient( 180deg, rgba(255,255,255,0) 0%, rgba(255,255,255,0.8) 15%, rgba(255,255,255,1) 100%);; --column-gap:0px;\" data-bt-override-class=\"{}\"><div class=\"bt_bb_row_holder\" ><div  class=\"bt_bb_column col-xxl-4 col-xl-4 col-xs-12 col-sm-12 col-md-12 col-lg-4 bt_bb_vertical_align_top bt_bb_align_left bt_bb_order_md_2 bt_bb_order_sm_2 bt_bb_order_xs_2 btLazyLoadBackground bt_bb_column_background_image bt_bb_padding_normal bt_bb_animation_fade_in animate bt_bb_shape_soft-rounded bt_bb_top_right_shape bt_bb_bottom_right_shape\" style=\"background-image:url(&#039;https:\/\/medikent.com.tr\/wp-content\/plugins\/bold-page-builder\/img\/blank.gif&#039;);; --column-width:4;\" data-background_image_src='https:\/\/medikent.com.tr\/wp-content\/uploads\/2024\/01\/TNC06891-copy-scaled.jpg' data-width=\"4\" data-bt-override-class=\"{&quot;bt_bb_align_&quot;:{&quot;current_class&quot;:&quot;bt_bb_align_left&quot;,&quot;def&quot;:&quot;left&quot;,&quot;xl&quot;:&quot;left&quot;}}\"><div class=\"bt_bb_column_content\"><div class=\"bt_bb_column_content_inner\"><\/div><\/div><\/div><div  class=\"bt_bb_column col-xxl-1 col-xl-1 col-xs-12 col-sm-12 col-md-12 col-lg-1 bt_bb_vertical_align_top bt_bb_align_left bt_bb_padding_normal\" style=\"; --column-width:1;\" data-width=\"1\" data-bt-override-class=\"{}\"><div class=\"bt_bb_column_content\"><div class=\"bt_bb_column_content_inner\"><\/div><\/div><\/div><div  class=\"bt_bb_column col-xxl-7 col-xl-7 col-xs-12 col-sm-12 col-md-12 col-lg-7 bt_bb_vertical_align_top bt_bb_align_left bt_bb_padding_normal bt_bb_animation_fade_in animate\" style=\"; --column-width:7;\" data-width=\"7\" data-bt-override-class=\"{&quot;bt_bb_align_&quot;:{&quot;current_class&quot;:&quot;bt_bb_align_left&quot;,&quot;def&quot;:&quot;left&quot;,&quot;xl&quot;:&quot;left&quot;}}\"><div class=\"bt_bb_column_content\"><div class=\"bt_bb_column_content_inner\"><div class=\"bt_bb_separator bt_bb_border_style_none bt_bb_bottom_spacing_large\" data-bt-override-class=\"null\"><\/div><header class=\"bt_bb_headline bt_bb_dash_none bt_bb_size_normal bt_bb_align_inherit\" data-bt-override-class=\"{&quot;bt_bb_size_&quot;:{&quot;current_class&quot;:&quot;bt_bb_size_normal&quot;,&quot;def&quot;:&quot;normal&quot;,&quot;xl&quot;:&quot;normal&quot;},&quot;bt_bb_align_&quot;:{&quot;current_class&quot;:&quot;bt_bb_align_inherit&quot;,&quot;def&quot;:&quot;inherit&quot;,&quot;xl&quot;:&quot;inherit&quot;}}\"><h2 class=\"bt_bb_headline_tag\"><span class=\"bt_bb_headline_content\"><span>Detailed information<\/span><\/span><\/h2><\/header><div class=\"bt_bb_separator bt_bb_border_style_none bt_bb_bottom_spacing_normal\" data-bt-override-class=\"null\"><\/div><div class=\"bt_bb_accordion bt_bb_color_scheme_12 bt_bb_style_simple bt_bb_shape_square bt_bb_style_simple\" style=\"; --accordion-primary-color:var(--alternate-color); --accordion-secondary-color:var(--accent-color);\" data-closed=closed><div class=\"bt_bb_accordion_item\"><div class=\"bt_bb_accordion_item_title\">Education<\/div><div class=\"bt_bb_accordion_item_content\"><div  class=\"bt_bb_text\" ><\/p>\n<div><b>Samsun Ondokuz Mayis University <\/b><strong> Faculty of Medicine<\/strong> <\/div>\n<p>\n<\/div><\/div><\/div><div class=\"bt_bb_accordion_item\"><div class=\"bt_bb_accordion_item_title\">Working Organizations<\/div><div class=\"bt_bb_accordion_item_content\"><div  class=\"bt_bb_text\" ><\/p>\n<p><strong>Suluova Eraslan Town Health Center Request<\/strong> 2007 September &#8211; 2008 January<br \/>\n<strong>Suluova Health Group President \/ Community Health Manager<\/strong> 2008 January &#8211; 2009 February<br \/>\n<strong>18 March Uni. Neurosurgery Research Assistant  <\/strong>2009 February &#8211; 2014 May<strong><br \/>\nL\u00fcleburgaz <\/strong><strong>State Hospital \/ Neurosurgery Specialist. <\/strong>May 2014 &#8211; June 2015<br \/>\n<strong>Izmir Torbal\u0131 State Hospital\/ Brain and Neurosurgery Specialist.  <\/strong>June 2015 &#8211; May 2016<br \/>\n<strong>Assistant Chief Physician of L\u00fcleburgaz State Hospital  <\/strong>May 2016 &#8211; August 2016<br \/>\n<strong>L\u00fcleburgaz State Hospital Chief Physician \/ H. Administrator <\/strong>August 2016 &#8211; August 2020<\/p>\n<p>\n<\/div><\/div><\/div><div class=\"bt_bb_accordion_item\"><div class=\"bt_bb_accordion_item_title\">Contact<\/div><div class=\"bt_bb_accordion_item_content\"><div  class=\"bt_bb_text\" ><\/p>\n<p><a href=\"mailto:bahadir.alkan@medikent.com.tr\">bahadir.alkan@medikent.com.tr<\/a><\/p>\n<p>\n<\/div><\/div><\/div><div class=\"bt_bb_accordion_item\"><div class=\"bt_bb_accordion_item_title\">Vocational Training, Courses and Conferences Attended<\/div><div class=\"bt_bb_accordion_item_content\"><div  class=\"bt_bb_text\" ><\/p>\n<div>&#8211; Cadaver Skull Base Surgery Course (Marmara University Institute of Neurological Sciences)<\/div>\n<div>&#8211; Basic Neurosurgery Teaching and Training Course (consisting of 4 semesters)<\/div>\n<div>&#8211; Brain Death Diagnosis and Donor Care (Izmir)<\/div>\n<div>&#8211; Certificate of Completion NASS 27th Annual Meeting (Dallas Convention Center)<\/div>\n<div>&#8211; Symposium on Cervical Degenerative Disc Disease (Nev\u015fehir)<\/div>\n<div>&#8211; Metastatic Spine Tumors Panel(Ayd\u0131n Adnan Menderes University)<\/div>\n<div>&#8211; 2nd Shunt School and 3rd Neuroendoscopy Course (Izmir Ege University)<\/div>\n<div>&#8211; Turkish Neurosurgical Association 25th Scientific Congress<\/div>\n<div>&#8211; Lumbar Disc Herniation Panel (Bursa)<\/div>\n<div>&#8211; Certificate of Participation, Practical application of the cryoneurolysis method in pain<\/div>\n<div>management procedures (Canakkale, 18th March University)<\/div>\n<div>&#8211; Turkish Neurosurgical Association 29th Scientific Congress<\/div>\n<div>&#8211; Spinal and Peripheral Nerve Surgery Summer School 1. Course (Konya)<\/div>\n<div>&#8211; Spinal and Peripheral Nerve Surgery Summer School 2. Course (Canakkale)<\/div>\n<p>\n<\/div><\/div><\/div><\/div><div class=\"bt_bb_separator bt_bb_border_style_none bt_bb_bottom_spacing_normal\" data-bt-override-class=\"null\"><\/div><div class=\" bt_bb_row_inner bt_bb_shape_soft-rounded\"   data-bt-override-class=\"{}\"><div class=\"bt_bb_row_inner_holder\"  ><div  class=\"bt_bb_column_inner col-xxl-12 col-xl-12 col-xs-12 col-sm-12 col-md-12 col-lg-12 bt_bb_vertical_align_top bt_bb_align_center bt_bb_column_background_image bt_bb_padding_normal\"  data-width=\"12\" data-bt-override-class=\"{&quot;bt_bb_align_&quot;:{&quot;current_class&quot;:&quot;bt_bb_align_center&quot;,&quot;def&quot;:&quot;center&quot;,&quot;xl&quot;:&quot;center&quot;}}\"><div class=\"bt_bb_column_inner_content\"><div class=\"bt_bb_column_inner_content_inner\"><div class=\"bt_bb_separator bt_bb_border_style_none bt_bb_bottom_spacing_normal\" data-bt-override-class=\"null\"><\/div><div class=\"bt_bb_icon bt_bb_color_scheme_10 bt_bb_style_borderless bt_bb_size_large bt_bb_shape_circle bt_bb_target_self bt_bb_align_inherit bt_bb_text_color_scheme_10 bt_bb_text_size_normal\" style=\"; --primary-color:#ffffff; --secondary-color:var(--alternate-color);; --text-primary-color:#ffffff; --text-secondary-color:var(--alternate-color);\" data-bt-override-class=\"{&quot;bt_bb_size_&quot;:{&quot;current_class&quot;:&quot;bt_bb_size_large&quot;,&quot;def&quot;:&quot;large&quot;,&quot;xl&quot;:&quot;large&quot;},&quot;bt_bb_align_&quot;:{&quot;current_class&quot;:&quot;bt_bb_align_inherit&quot;,&quot;def&quot;:&quot;inherit&quot;,&quot;xl&quot;:&quot;inherit&quot;}}\"><a href=\"https:\/\/medikent.com.tr\/en\/contact\/\" target=\"_self\" title=\"Make an Appointment with Dr Bowman\" data-ico-remixiconsbusiness=\"&#xe92c;\" class=\"bt_bb_icon_holder\"><span>Make an Appointment with Dr Bowman<\/span><\/a><\/div><div class=\"bt_bb_separator bt_bb_border_style_none bt_bb_bottom_spacing_normal\" data-bt-override-class=\"null\"><\/div><\/div><\/div><\/div><\/div><\/div><div class=\"bt_bb_separator bt_bb_border_style_none bt_bb_bottom_spacing_large\" data-bt-override-class=\"null\"><\/div><\/div><\/div><\/div><\/div><\/div><\/div><!-- cell_inner --><\/div><!-- cell --><\/div><!-- port --><\/section><section id=\"bt_bb_section69e1df4466ef3\" class=\"bt_bb_section bt_bb_layout_boxed_1200\"  data-bt-override-class=\"null\"><div class=\"bt_bb_port\"><div class=\"bt_bb_cell\"><div class=\"bt_bb_cell_inner\"><div class=\"bt_bb_row \"  data-bt-override-class=\"{}\"><div class=\"bt_bb_row_holder\" ><div  class=\"bt_bb_column col-xxl-12 col-xl-12 col-xs-12 col-sm-12 col-md-12 col-lg-12 bt_bb_vertical_align_top bt_bb_align_left bt_bb_padding_normal\" style=\"; --column-width:12;\" data-width=\"12\" data-bt-override-class=\"{}\"><div class=\"bt_bb_column_content\"><div class=\"bt_bb_column_content_inner\"><div class=\"bt_bb_separator bt_bb_border_style_none bt_bb_bottom_spacing_medium bt_bb_hidden_xs bt_bb_hidden_ms bt_bb_hidden_sm\" data-bt-override-class=\"null\"><\/div><\/div><\/div><\/div><\/div><\/div><\/div><!-- cell_inner --><\/div><!-- cell --><\/div><!-- port --><\/section><section id=\"bt_bb_section69e1df4467221\" class=\"bt_bb_section bt_bb_layout_boxed_1200\"  data-bt-override-class=\"null\"><div class=\"bt_bb_port\"><div class=\"bt_bb_cell\"><div class=\"bt_bb_cell_inner\"><div class=\"bt_bb_row \"  data-bt-override-class=\"{}\"><div class=\"bt_bb_row_holder\" ><div  class=\"bt_bb_column col-xxl-12 col-xl-12 col-xs-12 col-sm-12 col-md-12 col-lg-12 bt_bb_vertical_align_top bt_bb_align_left bt_bb_padding_normal\" style=\"; --column-width:12;\" data-width=\"12\" data-bt-override-class=\"{}\"><div class=\"bt_bb_column_content\"><div class=\"bt_bb_column_content_inner\"><div class=\"bt_bb_separator bt_bb_border_style_none bt_bb_bottom_spacing_medium bt_bb_hidden_xs bt_bb_hidden_ms bt_bb_hidden_sm\" data-bt-override-class=\"null\"><\/div><\/div><\/div><\/div><\/div><\/div><\/div><!-- cell_inner --><\/div><!-- cell --><\/div><!-- port --><\/section><\/p>\n","protected":false},"excerpt":{"rendered":"","protected":false},"author":1,"featured_media":0,"parent":0,"menu_order":0,"comment_status":"closed","ping_status":"closed","template":"","meta":{"footnotes":""},"class_list":["post-9908","page","type-page","status-publish","hentry"],"_links":{"self":[{"href":"https:\/\/medikent.com.tr\/en\/wp-json\/wp\/v2\/pages\/9908","targetHints":{"allow":["GET"]}}],"collection":[{"href":"https:\/\/medikent.com.tr\/en\/wp-json\/wp\/v2\/pages"}],"about":[{"href":"https:\/\/medikent.com.tr\/en\/wp-json\/wp\/v2\/types\/page"}],"author":[{"embeddable":true,"href":"https:\/\/medikent.com.tr\/en\/wp-json\/wp\/v2\/users\/1"}],"replies":[{"embeddable":true,"href":"https:\/\/medikent.com.tr\/en\/wp-json\/wp\/v2\/comments?post=9908"}],"version-history":[{"count":0,"href":"https:\/\/medikent.com.tr\/en\/wp-json\/wp\/v2\/pages\/9908\/revisions"}],"wp:attachment":[{"href":"https:\/\/medikent.com.tr\/en\/wp-json\/wp\/v2\/media?parent=9908"}],"curies":[{"name":"wp","href":"https:\/\/api.w.org\/{rel}","templated":true}]}}